{"id":997,"date":"2019-02-27T14:18:53","date_gmt":"2019-02-27T14:18:53","guid":{"rendered":"https:\/\/musicre.cluster027.hosting.ovh.net\/?post_type=product&#038;p=997"},"modified":"2024-02-19T19:10:47","modified_gmt":"2024-02-19T18:10:47","slug":"jewish-destinies","status":"publish","type":"product","link":"https:\/\/musicremembranceradio.org\/fr\/produit\/jewish-destinies\/","title":{"rendered":"Jewish Destinies"},"content":{"rendered":"<p>S\u2019ils sont esth\u00e9tiquement tr\u00e8s diff\u00e9rents les uns des autres, les cinq compositeurs figurant sur cet enregistrement ont comme point commun celui de repr\u00e9senter le destin juif \u00e0 l\u2019\u00e9preuve de la Shoah. L\u2019internement est un trait commun \u00e0 tous. Viktor Ullmann et Ilse Weber furent d\u00e9port\u00e9s au ghetto de Theresienstadt avant d\u2019\u00eatre assassin\u00e9s \u00e0 Auschwitz en 1944. C\u2019est \u00e9galement \u00e0 Auschwitz que Szymon (Simon Laks) fut intern\u00e9 en 1941, o\u00f9 il fut musicien puis chef d\u2019orchestre du camp des hommes.<\/p>\n<p>Trois des cycles pr\u00e9sent\u00e9s ici sont issus de la musique populaire de tradition ashk\u00e9naze ou s\u00e9farade, en Yiddish ou en ladino. Tous les trois naissent dans des circonstances relativement comparables, celles d\u2019un rapprochement de leurs auteurs de leurs racines juives, alors qu\u2019aucun d\u2019entre eux n\u2019en \u00e9tait proche auparavant.<\/p>\n<p>Viktor Ullmann, issu d\u2019une famille convertie au catholicisme avant sa naissance, n\u2019aura aucun contact avec la culture juive avant sa d\u00e9portation \u00e0 Theresienstadt. Szymon Laks, install\u00e9 en France entre les deux guerres, revendiquait plus ses origines polonaises que les h\u00e9bra\u00efques. Quant \u00e0 Louis Saguer, d\u2019une grande discr\u00e9tion sur le sujet, ce n\u2019est qu\u2019\u00e0 partir de 1935 que sa musique \u00e9voque ses origines s\u00e9farades. Quant \u00e0 Ilse Weber, elle \u00e9crivit \u00e0 Theresienstadt ses m\u00e9lodies pour les enfants dont elle avait la charge, qui \u00e9voquent la vie dans le ghetto. Max Kowalski, d\u00e9port\u00e9 au moment de la Nuit de cristal \u00e0 Buchenwald, restera dans l\u2019histoire de la musique comme l\u2019auteur du pr\u00e9sent Pierrot Lunaire, \u00e9ponyme de celui compos\u00e9 la m\u00eame ann\u00e9e (1912) par Arnold Sch\u00f6nberg.<\/p>\n<ul>\n<li>Editions Karusel Music International, collection Suppressed Music Series<\/li>\n<li>1 CD DDD<\/li>\n<li>Temps total : 75&#8242;<\/li>\n<li>EAN 3770000274066<\/li>\n<\/ul>","protected":false},"excerpt":{"rendered":"<p>Erminie Blondel, soprano<br \/>\nThomas Tacquet, piano<br \/>\nOrchestre Les M\u00e9tamorphoses<br \/>\nAmaury Du Closel, direction<\/p>\n<p>Comprend :<br \/>\n\u2022 Louis Saguer, <cite>Cuatro c\u00e1nticas Sefard\u00edes<\/cite><br \/>\n\u2022 Max Kowalski, <cite>12 Gedichte nach Pierrot lunaire op. 4<\/cite><br \/>\n\u2022 Simon Laks, <cite>Huit Chants populaires juifs<\/cite> (arrangement\u00a0: Amaury du Closel)<br \/>\n\u2022 Viktor Ullmann, <cite>Drei jiddische Ges\u00e4nge, op. 53<\/cite><br \/>\n\u2022 Ilse Weber, <cite>Thereseienstadt and Other Songs<\/cite><\/p>\n<p>&nbsp;<\/p>","protected":false},"featured_media":4214,"template":"","meta":[],"product_brand":[],"product_cat":[70,120,84],"product_tag":[112,96],"class_list":{"0":"post-997","1":"product","2":"type-product","3":"status-publish","4":"has-post-thumbnail","6":"product_cat-classical-music","7":"product_cat-contemporary-music","8":"product_cat-opera","9":"product_tag-jewish","10":"product_tag-music","11":"product_shipping_class-europe","13":"first","14":"instock","15":"taxable","16":"shipping-taxable","17":"purchasable","18":"product-type-simple"},"_links":{"self":[{"href":"https:\/\/musicremembranceradio.org\/fr\/wp-json\/wp\/v2\/product\/997","targetHints":{"allow":["GET"]}}],"collection":[{"href":"https:\/\/musicremembranceradio.org\/fr\/wp-json\/wp\/v2\/product"}],"about":[{"href":"https:\/\/musicremembranceradio.org\/fr\/wp-json\/wp\/v2\/types\/product"}],"version-history":[{"count":2,"href":"https:\/\/musicremembranceradio.org\/fr\/wp-json\/wp\/v2\/product\/997\/revisions"}],"predecessor-version":[{"id":4215,"href":"https:\/\/musicremembranceradio.org\/fr\/wp-json\/wp\/v2\/product\/997\/revisions\/4215"}],"wp:featuredmedia":[{"embeddable":true,"href":"https:\/\/musicremembranceradio.org\/fr\/wp-json\/wp\/v2\/media\/4214"}],"wp:attachment":[{"href":"https:\/\/musicremembranceradio.org\/fr\/wp-json\/wp\/v2\/media?parent=997"}],"wp:term":[{"taxonomy":"product_brand","embeddable":true,"href":"https:\/\/musicremembranceradio.org\/fr\/wp-json\/wp\/v2\/product_brand?post=997"},{"taxonomy":"product_cat","embeddable":true,"href":"https:\/\/musicremembranceradio.org\/fr\/wp-json\/wp\/v2\/product_cat?post=997"},{"taxonomy":"product_tag","embeddable":true,"href":"https:\/\/musicremembranceradio.org\/fr\/wp-json\/wp\/v2\/product_tag?post=997"}],"curies":[{"name":"wp","href":"https:\/\/api.w.org\/{rel}","templated":true}]}}