{"id":995,"date":"2019-02-27T14:18:51","date_gmt":"2019-02-27T14:18:51","guid":{"rendered":"https:\/\/musicre.cluster027.hosting.ovh.net\/?post_type=product&#038;p=995"},"modified":"2023-09-01T11:06:36","modified_gmt":"2023-09-01T09:06:36","slug":"napoleon-kaiser-von-atlantis","status":"publish","type":"product","link":"https:\/\/musicremembranceradio.org\/fr\/produit\/napoleon-kaiser-von-atlantis\/","title":{"rendered":"Ode to Napoleon \u2013 Der Kaiser von Atlantis"},"content":{"rendered":"<p><em><cite>Der Kaiser von Atlantis<\/cite><\/em> est un op\u00e9ra conc\u0327u durant la Seconde Guerre mondiale par Viktor Ullman, un compositeur juif \u00e9l\u00e8ve d\u2019Arnold Schoenberg, derri\u00e8re les barbel\u00e9s du camp de transit de Theresienstadt (Terezin) pr\u00e8s de Prague. Dans ce camp de concentration, les nazis avaient rassembl\u00e9 un nombre \u00e9lev\u00e9 de musiciens, permettant la cr\u00e9ation d\u2019une vie musicale de tr\u00e8s haute qualit\u00e9. Vitrine \u00ab\u00a0id\u00e9ale\u00a0\u00bb et savamment organis\u00e9e, ce camp fut m\u00eame l\u2019objet d\u2019un film de propagande cens\u00e9 d\u00e9fendre et illustrer le bon traitement de la population juive. Terezin fut le lieu d\u2019une effervescence artistique v\u00e9ritablement ph\u00e9nom\u00e9nale.<br \/>\nM\u00eame si elle est cens\u00e9e se d\u00e9rouler dans une contr\u00e9e l\u00e9gendaire, <em><cite>Der Kaiser von Atlantis<\/cite><\/em> est une fable qui se d\u00e9roule dans un univers chaotique et qui doit \u00eatre entendue dans son rapport avec l\u2019actualit\u00e9. Le livret de Petr Kien, autre d\u00e9port\u00e9, ne cesse de faire des allusions aux \u00e9v\u00e9nements du r\u00e9gime hitl\u00e9rien sous l\u2019apparence d\u2019un conte de f\u00e9e et du r\u00eave.<\/p>\n<p>Situ\u00e9 quelque part entre op\u00e9ra \u00e0 num\u00e9ro et cabaret, <em><cite>Der Kaiser von Atlantis<\/cite> <\/em>vise \u00e0 l\u2019essentiel. Une musique grinc\u0327ante s\u2019articule sur de nombreux r\u00e9citatifs\u00a0; le style oscille entre Mahler et Weill en passant par la polyphonie et le jazz, soulignant avec fluidit\u00e9 un livret qui tient \u00e0 la fois du conte philosophique, du pamphlet surr\u00e9aliste et du th\u00e9\u00e2tre de tr\u00e9teaux. L\u2019op\u00e9ra utilise quelques citations, dont le sens ne pouvait \u00e9chapper au public\u00a0: le <em><cite>Deutschland \u00fcber alles<\/cite><\/em> expos\u00e9 en mode mineur quand le Tambour proclame les conqu\u00eates sans fin de l\u2019empereur, le th\u00e8me du choral luth\u00e9rien <em><cite>Ein feste Burg<\/cite><\/em> dans l\u2019hymne final sous les mots <em><cite>Komm Tod, du unser werter Gast<\/cite><\/em> (&#8220;Viens \u00f4 Mort, toi notre cher h\u00f4te&#8221;) et le th\u00e8me r\u00e9current du <cite>Hallo, hallo<\/cite> du Haut-parleur est une citation de la <cite>Symphonie <em>Asra\u00ebl<\/em><\/cite> de Josek Suk faisant r\u00e9f\u00e9rence \u00e0 l\u2019Ange de la mort, et utilis\u00e9e comme symbole par la r\u00e9sistance tch\u00e8que \u00e0 l\u2019envahisseur nazi.\u00a0L\u2019\u0153uvre fut longuement r\u00e9p\u00e9t\u00e9e au camp de concentration, avant d\u2019\u00eatre interdite avant sa cr\u00e9ation. Viktor Ullman et Petr Kien meurent dans la chambre \u00e0 gaz d\u2019Auschwitz le 18 octobre 1944.<\/p>\n<p>&nbsp;<\/p>\n<ul>\n<li>Karusel Music International, coll. Suppressed Music Series<\/li>\n<li>1 CD DDD<\/li>\n<li>Dur\u00e9e totale : 64&#8242;<\/li>\n<li>EAN : 3770000274059<\/li>\n<\/ul>","protected":false},"excerpt":{"rendered":"<p>Levitin Assaf, r\u00e9citant<br \/>\nPierre-Yves Pruvot, Kaiser Overall<br \/>\nWassyl Slipak, Der Lautsprecher \u2013 Der Tod<br \/>\nJohn Bernard, Harlekin \u2013 Ein Soldat<br \/>\nC\u00e9line Laly, Bubikopf<br \/>\nSylvia Vadimova, Der Trommler<br \/>\nEnsemble Voix \u00c9touff\u00e9es<br \/>\nAmaury Du Closel, direction musicale<\/p>","protected":false},"featured_media":4217,"template":"","meta":[],"product_brand":[],"product_cat":[70,84],"product_tag":[96,113],"class_list":{"0":"post-995","1":"product","2":"type-product","3":"status-publish","4":"has-post-thumbnail","6":"product_cat-classical-music","7":"product_cat-opera","8":"product_tag-music","9":"product_tag-therezin","10":"product_shipping_class-europe","12":"first","13":"instock","14":"taxable","15":"shipping-taxable","16":"purchasable","17":"product-type-simple"},"_links":{"self":[{"href":"https:\/\/musicremembranceradio.org\/fr\/wp-json\/wp\/v2\/product\/995","targetHints":{"allow":["GET"]}}],"collection":[{"href":"https:\/\/musicremembranceradio.org\/fr\/wp-json\/wp\/v2\/product"}],"about":[{"href":"https:\/\/musicremembranceradio.org\/fr\/wp-json\/wp\/v2\/types\/product"}],"version-history":[{"count":4,"href":"https:\/\/musicremembranceradio.org\/fr\/wp-json\/wp\/v2\/product\/995\/revisions"}],"predecessor-version":[{"id":4220,"href":"https:\/\/musicremembranceradio.org\/fr\/wp-json\/wp\/v2\/product\/995\/revisions\/4220"}],"wp:featuredmedia":[{"embeddable":true,"href":"https:\/\/musicremembranceradio.org\/fr\/wp-json\/wp\/v2\/media\/4217"}],"wp:attachment":[{"href":"https:\/\/musicremembranceradio.org\/fr\/wp-json\/wp\/v2\/media?parent=995"}],"wp:term":[{"taxonomy":"product_brand","embeddable":true,"href":"https:\/\/musicremembranceradio.org\/fr\/wp-json\/wp\/v2\/product_brand?post=995"},{"taxonomy":"product_cat","embeddable":true,"href":"https:\/\/musicremembranceradio.org\/fr\/wp-json\/wp\/v2\/product_cat?post=995"},{"taxonomy":"product_tag","embeddable":true,"href":"https:\/\/musicremembranceradio.org\/fr\/wp-json\/wp\/v2\/product_tag?post=995"}],"curies":[{"name":"wp","href":"https:\/\/api.w.org\/{rel}","templated":true}]}}