{"id":984,"date":"2019-02-27T14:00:51","date_gmt":"2019-02-27T14:00:51","guid":{"rendered":"https:\/\/musicre.cluster027.hosting.ovh.net\/?post_type=product&#038;p=984"},"modified":"2024-02-19T19:11:18","modified_gmt":"2024-02-19T18:11:18","slug":"ernst-toch-chinesische-tanz-suite","status":"publish","type":"product","link":"https:\/\/musicremembranceradio.org\/fr\/produit\/ernst-toch-chinesische-tanz-suite\/","title":{"rendered":"Die chinesische Fl\u00f6te &#038; Tanz Suite"},"content":{"rendered":"<p>L\u2019instrumentation des \u0153uvres faisant l\u2019objet du pr\u00e9sent enregistrement est un des exemples manifestes de l\u2019inventivit\u00e9 dont fait preuve Toch. <cite>La Fl\u00fbte chinoise<\/cite> op.\u00a029, compos\u00e9e en 1922 pour quatorze instruments solistes et soprano, sur la traduction \u00e9ponyme publi\u00e9e en 1907 par Hans Bethge de po\u00e8mes chinois du <span class=\"pcap\">xii<\/span><sup>e<\/sup> au <span class=\"pcap\">vii<\/span><sup>e<\/sup>\u00a0si\u00e8cle avant notre \u00e8re. Ces m\u00eames traductions inspir\u00e8rent dans la premi\u00e8re moiti\u00e9 du <span class=\"pcap\">xx<\/span><sup>e<\/sup>\u00a0si\u00e8cle environ 180 compositeurs, \u00e0 commencer par <cite>Le Chant de la Terre<\/cite> de Gustav Mahler, en passant par Arnold Schoenberg, Anton Webern, Walter Braunfels, Karol Szymanowsky, voire Pavel Haas \u00e0 Terezin.<\/p>\n<p>Bethge expliquait \u00e0 propos de ses traductions qu\u2019il \u00ab\u00a0ne s\u2019agissait pas de transposer un po\u00e8me mot \u00e0 mot, mais d\u2019en faire rena\u00eetre dans une langue \u00e9trang\u00e8re l\u2019esprit, le style et la m\u00e9lodie\u00a0\u00bb. On pourrait d\u00e9finir de la m\u00eame mani\u00e8re l\u2019approche de Toch lorsqu\u2019il met en musique les trois textes sur lesquels son choix s\u2019est arr\u00eat\u00e9\u00a0: point de chinoiserie ou d\u2019orientalisme factice, mais le souci de restituer une atmosph\u00e8re sugg\u00e9r\u00e9e par l\u2019apparente simplicit\u00e9 des po\u00e8mes. La voix est souvent <cite>a cappella<\/cite>, les instruments qui l\u2019accompagnent rar\u00e9fi\u00e9s \u2013 sauf dans le po\u00e8me <cite>Le Rat<\/cite> d\u2019apr\u00e8s Sao-Han, ou le <cite>tutti<\/cite>d\u2019ensemble accompagne la furie qui se d\u00e9gage du texte \u2013 les percussions jouent un r\u00f4le coloristique pr\u00e9pond\u00e9rant.<\/p>\n<p>La m\u00eame inventivit\u00e9 instrumentale \u2013 fl\u00fbte\/piccolo, clarinette, violon, alto, contrebasse et percussions \u2013 de la <cite>Suite de danses<\/cite> op.\u00a030, compos\u00e9e un an apr\u00e8s <cite>La Fl\u00fbte chinoise<\/cite>, nous rappelle combien la cr\u00e9ation artistique de la R\u00e9publique de Weimar \u00e9tait plac\u00e9e sous le signe de l\u2019exp\u00e9rimentation. L\u2019\u0153uvre accompagne le po\u00e8me dans\u00e9 <cite>La For\u00eat<\/cite>de Frieda Ursula Back, \u00e9l\u00e8ve de Mary Wigman, et professeur de danse contemporaine au conservatoire de Mannheim o\u00f9 Toch enseignait lui-m\u00eame depuis 1912. Toch \u00e9crit une partition r\u00e9pondant aux exigences d\u2019un public m\u00e9lomane et ouvert sur la modernit\u00e9 tout en \u00e9tant accessible \u00e0 des oreilles moins cultiv\u00e9es, o\u00f9 se m\u00ealent les effets les plus imm\u00e9diats \u2013 comme le montre l\u2019indication \u00ab\u00a0comme une musique de foire\u00a0\u00bb dans le premier mouvement de la <cite>Suite<\/cite>, et l\u2019atmosph\u00e8re myst\u00e9rieuse du sixi\u00e8me mouvement, obtenue par l\u2019alternance du jeu sur le chevalet et sur la touche entre le violon et l\u2019alto.<\/p>\n<p>Lors de l\u2019Exposition sur la \u00ab\u00a0musique d\u00e9g\u00e9n\u00e9r\u00e9e\u00a0\u00bb organis\u00e9e par la branche la plus radicale des nazis \u00e0 D\u00fcsseldorf en mai 1938, un panneau pr\u00e9sentait des photos d\u00e9form\u00e9es de Toch et Franz Schreker sous le titre \u00ab\u00a0Deux plumitifs juifs\u00a0\u00bb, accompagn\u00e9es de la logorrh\u00e9e antis\u00e9mite habituelle dans l\u2019Allemagne de l\u2019\u00e9poque. Un prix Pulitzer en 1956 pour sa <cite>Troisi\u00e8me Symphonie<\/cite> ne suffira pas \u00e0 rendre \u00e0 Toch la place dans le monde de la musique que les ann\u00e9es brunes lui avaient arrach\u00e9e.<\/p>\n<ul>\n<li>Karusel Music International<\/li>\n<li>1 CD DDD<\/li>\n<li>Dur\u00e9e totale : 51&#8242;<\/li>\n<li>EAN :\u00a03770000274035<\/li>\n<\/ul>","protected":false},"excerpt":{"rendered":"<p>Alice Gulipian, soprano<br \/>\nEnsemble Voix \u00c9touff\u00e9es<br \/>\nAmaury Du Closel, direction musicale<\/p>\n<p>Comprend :<\/p>\n<ul>\n<li>Die Chinesisches Fl\u00f6te op. 29<\/li>\n<li>Tanz Suite op. 30<\/li>\n<\/ul>","protected":false},"featured_media":4223,"template":"","meta":[],"product_brand":[],"product_cat":[70],"product_tag":[96,114],"class_list":{"0":"post-984","1":"product","2":"type-product","3":"status-publish","4":"has-post-thumbnail","6":"product_cat-classical-music","7":"product_tag-music","8":"product_tag-toch","9":"product_shipping_class-europe","11":"first","12":"instock","13":"taxable","14":"shipping-taxable","15":"purchasable","16":"product-type-simple"},"_links":{"self":[{"href":"https:\/\/musicremembranceradio.org\/fr\/wp-json\/wp\/v2\/product\/984","targetHints":{"allow":["GET"]}}],"collection":[{"href":"https:\/\/musicremembranceradio.org\/fr\/wp-json\/wp\/v2\/product"}],"about":[{"href":"https:\/\/musicremembranceradio.org\/fr\/wp-json\/wp\/v2\/types\/product"}],"version-history":[{"count":3,"href":"https:\/\/musicremembranceradio.org\/fr\/wp-json\/wp\/v2\/product\/984\/revisions"}],"predecessor-version":[{"id":4225,"href":"https:\/\/musicremembranceradio.org\/fr\/wp-json\/wp\/v2\/product\/984\/revisions\/4225"}],"wp:featuredmedia":[{"embeddable":true,"href":"https:\/\/musicremembranceradio.org\/fr\/wp-json\/wp\/v2\/media\/4223"}],"wp:attachment":[{"href":"https:\/\/musicremembranceradio.org\/fr\/wp-json\/wp\/v2\/media?parent=984"}],"wp:term":[{"taxonomy":"product_brand","embeddable":true,"href":"https:\/\/musicremembranceradio.org\/fr\/wp-json\/wp\/v2\/product_brand?post=984"},{"taxonomy":"product_cat","embeddable":true,"href":"https:\/\/musicremembranceradio.org\/fr\/wp-json\/wp\/v2\/product_cat?post=984"},{"taxonomy":"product_tag","embeddable":true,"href":"https:\/\/musicremembranceradio.org\/fr\/wp-json\/wp\/v2\/product_tag?post=984"}],"curies":[{"name":"wp","href":"https:\/\/api.w.org\/{rel}","templated":true}]}}