{"id":983,"date":"2019-02-27T14:00:49","date_gmt":"2019-02-27T14:00:49","guid":{"rendered":"https:\/\/musicre.cluster027.hosting.ovh.net\/?post_type=product&#038;p=983"},"modified":"2024-02-19T19:11:39","modified_gmt":"2024-02-19T18:11:39","slug":"raise-a-child","status":"publish","type":"product","link":"https:\/\/musicremembranceradio.org\/fr\/produit\/raise-a-child\/","title":{"rendered":"Ernst Toch &#8211; opus 60 &#038; 61"},"content":{"rendered":"<p>Les \u0153uvres figurant sur le pr\u00e9sent enregistrement datent toutes deux de 1932, \u00e0 une \u00e9poque o\u00f9 Toch est au sommet de ses moyens, et quelques mois avant la prise de pouvoir par le nazisme. En 1940, le <cite>Dictionnaire des Juifs dans la musique<\/cite> d\u00e9finira le compositeur en ces termes\u00a0: \u00ab\u00a0Toch exer\u00e7a une grande influence jusqu\u2019en 1933 comme compositeur \u201cdes plus progressistes\u201d\u00a0\u00bb. Dans l\u2019intervalle, ce dernier avait rejoint les \u00c9tats-Unis.<\/p>\n<p>La <em><cite>Musique pour orchestre et baryton<\/cite> op.\u00a060<\/em> est \u00e9crite sur un po\u00e8me \u00ab\u00a0Dieu, mon voisin\u00a0\u00bb du jeune Rainer Maria Rilke, extrait de son <cite>Livre d\u2019heures<\/cite> (1899-1905) et fortement impr\u00e9gn\u00e9 de religiosit\u00e9. Toch y exprime toute sa sensibilit\u00e9 spirituelle. Mais l\u2019\u0153uvre est \u00e9galement remarquable par sa forme et les moyens d\u2019expression employ\u00e9s. Toch divise le po\u00e8me en trois parties, et la voix, qui tant\u00f4t chuchote, tant\u00f4t proclame avec force la proximit\u00e9 du po\u00e8te avec Dieu, le fait le plus souvent <cite>a capella<\/cite>, tel un exercice spirituel monacal \u00e9vitant la distraction sensuelle du son de l\u2019orchestre. Ce dernier n\u2019intervient que pour \u00e9tablir le climat n\u00e9cessaire \u00e0 l\u2019intimit\u00e9 de la pri\u00e8re, ou comme interlude (3<sup>e<\/sup> mouvement ), et ne se d\u00e9ploie dans toute sa puissance que dans la transe finale c\u00e9l\u00e9brant la grandeur de Dieu. L\u2019\u0153uvre fut cr\u00e9\u00e9e l\u2019ann\u00e9e de sa composition \u00e0 l\u2019Op\u00e9ra d\u2019\u00c9tat Unter den Linden sous la direction d\u2019Erich Kleiber.<\/p>\n<p>La <em><cite>Symphonie pour piano et orchestre<\/cite> op.\u00a061<\/em>, sous-titr\u00e9e &#8220;<cite>Deuxi\u00e8me Concerto pour piano&#8221;<\/cite>, rel\u00e8ve quant \u00e0 elle du genre de la symphonie concertante classique, avec sa construction en quatre mouvements. Tout y r\u00e9v\u00e8le la sup\u00e9riorit\u00e9 d\u2019un ma\u00eetre, qu\u2019il s\u2019agisse des couleurs sonores, de la diversit\u00e9s des atmosph\u00e8res, de la complexit\u00e9 d\u2019un contrepoint malgr\u00e9 tout tr\u00e8s lisible. Le premier mouvement est fortement comparable dans sa structure \u00e0 la forme sonate des symphonies classiques. Le second est un <cite>scherzo<\/cite> \u00e9prouvant la virtuosit\u00e9 de l\u2019orchestre et du soliste. L\u2019<cite>adagio<\/cite> po\u00e9tique est en trois parties, s\u00e9parant le piano et l\u2019orchestre comme la voix et l\u2019orchestre avaient pu l\u2019\u00eatre dans l\u2019\u0153uvre pr\u00e9c\u00e9dente. Le finale enfin est d\u2019une forme tr\u00e8s h\u00e9t\u00e9rog\u00e8ne, dans laquelle le mat\u00e9riau th\u00e9matique introductif, trait\u00e9 dans l\u2019esprit \u00ab\u00a0motorique\u00a0\u00bb de bien des \u0153uvres de l\u2019\u00e9poque, est d\u00e9velopp\u00e9 en plusieurs \u00e9pisodes en apparence sans relations avec les autres, pour culminer en une chute vers l\u2019ab\u00eeme fortement pr\u00e9monitoire.<\/p>\n<ul>\n<li>Karusel Music International<\/li>\n<li>1 CD DDD<\/li>\n<li>Dur\u00e9e totale : 65&#8242;<\/li>\n<li>EAN : 3770000274042<\/li>\n<\/ul>","protected":false},"excerpt":{"rendered":"<p>Jenny Zaharieva, piano<br \/>\nPierre-Yves Pruvot, baryton<br \/>\nSofia Philharmonic Orchestra<br \/>\nAmaury Du Closel, direction musicale<\/p>","protected":false},"featured_media":4227,"template":"","meta":[],"product_brand":[],"product_cat":[70],"product_tag":[96,114],"class_list":{"0":"post-983","1":"product","2":"type-product","3":"status-publish","4":"has-post-thumbnail","6":"product_cat-classical-music","7":"product_tag-music","8":"product_tag-toch","9":"product_shipping_class-north-america","11":"first","12":"instock","13":"taxable","14":"shipping-taxable","15":"purchasable","16":"product-type-simple"},"_links":{"self":[{"href":"https:\/\/musicremembranceradio.org\/fr\/wp-json\/wp\/v2\/product\/983","targetHints":{"allow":["GET"]}}],"collection":[{"href":"https:\/\/musicremembranceradio.org\/fr\/wp-json\/wp\/v2\/product"}],"about":[{"href":"https:\/\/musicremembranceradio.org\/fr\/wp-json\/wp\/v2\/types\/product"}],"version-history":[{"count":2,"href":"https:\/\/musicremembranceradio.org\/fr\/wp-json\/wp\/v2\/product\/983\/revisions"}],"predecessor-version":[{"id":4228,"href":"https:\/\/musicremembranceradio.org\/fr\/wp-json\/wp\/v2\/product\/983\/revisions\/4228"}],"wp:featuredmedia":[{"embeddable":true,"href":"https:\/\/musicremembranceradio.org\/fr\/wp-json\/wp\/v2\/media\/4227"}],"wp:attachment":[{"href":"https:\/\/musicremembranceradio.org\/fr\/wp-json\/wp\/v2\/media?parent=983"}],"wp:term":[{"taxonomy":"product_brand","embeddable":true,"href":"https:\/\/musicremembranceradio.org\/fr\/wp-json\/wp\/v2\/product_brand?post=983"},{"taxonomy":"product_cat","embeddable":true,"href":"https:\/\/musicremembranceradio.org\/fr\/wp-json\/wp\/v2\/product_cat?post=983"},{"taxonomy":"product_tag","embeddable":true,"href":"https:\/\/musicremembranceradio.org\/fr\/wp-json\/wp\/v2\/product_tag?post=983"}],"curies":[{"name":"wp","href":"https:\/\/api.w.org\/{rel}","templated":true}]}}