{"id":982,"date":"2019-02-27T14:19:48","date_gmt":"2019-02-27T14:19:48","guid":{"rendered":"https:\/\/musicre.cluster027.hosting.ovh.net\/?post_type=product&#038;p=982"},"modified":"2024-02-19T19:10:20","modified_gmt":"2024-02-19T18:10:20","slug":"paul-arma-chants-du-silence","status":"publish","type":"product","link":"https:\/\/musicremembranceradio.org\/fr\/produit\/paul-arma-chants-du-silence\/","title":{"rendered":"Paul Arma : Chants du Silence"},"content":{"rendered":"<p>Pianiste, disciple de B\u00e9la Bartok, militant communiste, assistant d\u2019Hanns Eisler, enseignant au Bauhaus, producteur \u00e0 l\u2019ORTF, chef de chorales populaires, \u00e9diteur, r\u00e9sistant, musicologue sp\u00e9cialiste du folklore musical\u2026 Paul Arma est de ces hommes qui semblent avoir v\u00e9cu dix vies \u00e0 la fois, de ces musiciens sans cesse en mouvement, plus aptes \u00e0 cr\u00e9er et \u00e0 s\u2019investir dans leur soci\u00e9t\u00e9 qu\u2019\u00e0 valoriser le travail ainsi accompli.<br \/>\nCentr\u00e9e sur les ann\u00e9es de r\u00e9sistance et d\u2019engagement militant du compositeur, l&#8217;album Chants du silence s\u2019attache \u00e0 faire red\u00e9couvrir, en premi\u00e8re mondiale, une partie de cette \u0153uvre injustement oubli\u00e9e.<\/p>\n<ul>\n<li>Editions Hortus 2023<\/li>\n<li>1CD DDD<\/li>\n<li>Temps total 73&#8217;53<\/li>\n<li>ISBN 3487720002175<\/li>\n<\/ul>\n<p>R\u00e9compens\u00e9 de 4 \u00e9toiles Classica, CD du jour Musikzen, pr\u00e9sent\u00e9 dans la Matinale de France Musique, G\u00e9n\u00e9rations France Musique&#8230;<\/p>","protected":false},"excerpt":{"rendered":"<p>Anne-Lise Polchlopek, mezzo-soprano<br \/>\nThomas Tacquet, piano<\/p>\n<p>Comprend : Cinq Esquisses op. 117, Trois Epitaphes op. 115, Deux sonatines pour piano op. 57-58, Sonata da Ballo op. 71, Chants du silence op. 97-107, Han Coolie op. 28<\/p>","protected":false},"featured_media":4203,"template":"","meta":[],"product_brand":[],"product_cat":[70,120,84],"product_tag":[111,96,110],"class_list":{"0":"post-982","1":"product","2":"type-product","3":"status-publish","4":"has-post-thumbnail","6":"product_cat-classical-music","7":"product_cat-contemporary-music","8":"product_cat-opera","9":"product_tag-hungary","10":"product_tag-music","11":"product_tag-resistance","12":"product_shipping_class-europe","14":"first","15":"instock","16":"taxable","17":"shipping-taxable","18":"purchasable","19":"product-type-simple"},"_links":{"self":[{"href":"https:\/\/musicremembranceradio.org\/fr\/wp-json\/wp\/v2\/product\/982","targetHints":{"allow":["GET"]}}],"collection":[{"href":"https:\/\/musicremembranceradio.org\/fr\/wp-json\/wp\/v2\/product"}],"about":[{"href":"https:\/\/musicremembranceradio.org\/fr\/wp-json\/wp\/v2\/types\/product"}],"version-history":[{"count":5,"href":"https:\/\/musicremembranceradio.org\/fr\/wp-json\/wp\/v2\/product\/982\/revisions"}],"predecessor-version":[{"id":4211,"href":"https:\/\/musicremembranceradio.org\/fr\/wp-json\/wp\/v2\/product\/982\/revisions\/4211"}],"wp:featuredmedia":[{"embeddable":true,"href":"https:\/\/musicremembranceradio.org\/fr\/wp-json\/wp\/v2\/media\/4203"}],"wp:attachment":[{"href":"https:\/\/musicremembranceradio.org\/fr\/wp-json\/wp\/v2\/media?parent=982"}],"wp:term":[{"taxonomy":"product_brand","embeddable":true,"href":"https:\/\/musicremembranceradio.org\/fr\/wp-json\/wp\/v2\/product_brand?post=982"},{"taxonomy":"product_cat","embeddable":true,"href":"https:\/\/musicremembranceradio.org\/fr\/wp-json\/wp\/v2\/product_cat?post=982"},{"taxonomy":"product_tag","embeddable":true,"href":"https:\/\/musicremembranceradio.org\/fr\/wp-json\/wp\/v2\/product_tag?post=982"}],"curies":[{"name":"wp","href":"https:\/\/api.w.org\/{rel}","templated":true}]}}