{"id":923,"date":"2019-02-27T14:20:01","date_gmt":"2019-02-27T14:20:01","guid":{"rendered":"https:\/\/musicre.cluster027.hosting.ovh.net\/?post_type=product&#038;p=923"},"modified":"2024-02-19T19:01:49","modified_gmt":"2024-02-19T18:01:49","slug":"musiqueetpolitiqueculturelle","status":"publish","type":"product","link":"https:\/\/musicremembranceradio.org\/fr\/produit\/musiqueetpolitiqueculturelle\/","title":{"rendered":"Musique et Politique culturelle sous le nazisme et le stalinisme"},"content":{"rendered":"<p>Pr\u00e8s de huit d\u00e9cennies apr\u00e8s la fin de la Seconde Guerre mondiale, le moment est venu de s&#8217;interroger sur l&#8217;activit\u00e9 musicale s&#8217;\u00e9tant d\u00e9velopp\u00e9e dans les pays d&#8217;Europe centrale et orientale plac\u00e9s sous la domination de l&#8217;URSS. Quelle vie musicale jaillit des ruines ? Que devinrent les compositeurs s&#8217;\u00e9tant compromis avec le nazisme et qui se transform\u00e8rent en communistes ? Quelle \u00e9tait la nature des discriminations subies par les musiciens oppos\u00e9s \u00e0 la th\u00e9orie du r\u00e9alisme socialiste ? Ces questions ont \u00e9t\u00e9 analys\u00e9es, lors d&#8217;un colloque \u00e0 Berlin, par des sp\u00e9cialistes allemands, am\u00e9ricains, australiens, britanniques, canadiens, fran\u00e7ais et tch\u00e8ques.<\/p>\n<p>&nbsp;<\/p>\n<ul>\n<li><i class=\"fa fa-circle\"><\/i>Date de publication : 23\u00a0mai\u00a02022<\/li>\n<li><i class=\"fa fa-circle\"><\/i>Broch\u00e9 &#8211; format : 13,5 x 21,5 cm\u00a0\u2022 222\u00a0pages<\/li>\n<li><i class=\"fa fa-circle\"><\/i>Langues :\u00a0fran\u00e7ais \/<i class=\"fa fa-circle\"><\/i>\u00a0anglais \/ allemand<\/li>\n<li><i class=\"fa fa-circle\"><\/i>ISBN\u00a0:\u00a0978-2-343-25638-2<\/li>\n<li><i class=\"fa fa-circle\"><\/i>EAN13 : 9782343256382<\/li>\n<li><i class=\"fa fa-circle\"><\/i>EAN PDF : 9782140247774<\/li>\n<li><i class=\"fa fa-circle\"><\/i>EAN ePUB : 9782140247781<\/li>\n<\/ul>\n<p>Ouvrage \u00e9dit\u00e9 en partenariat avec l&#8217;universit\u00e9 de Strasbourg (UMR 7367 &#8211; DynamE) constituant le n\u00b021 des cahiers FARE (Fronti\u00e8res, Acteurs, Repr\u00e9sentations de l&#8217;Europe). Imprim\u00e9 en France.<\/p>","protected":false},"excerpt":{"rendered":"<p>1945 : Europe ann\u00e9e z\u00e9ro<\/p>\n<p>Actes de colloque sous la direction d&#8217;A. Du Closel et de P. Olivier.<\/p>\n<p>Contributeurs : Amaury du Closel, Rainer Fineske, Tina Fruehauf, Frank Harders-Wuthenow, Agnes Kory, Lenka Krupkova, Erik Levy, Jascha Nemtsov, Philippe Olivier, Franklin Rausky, Jalda Rebling, Sylvain Schirmann, Suzanne Snizek, Daniel Tooke.<\/p>","protected":false},"featured_media":4200,"template":"","meta":[],"product_brand":[],"product_cat":[121],"product_tag":[108,96,109],"class_list":{"0":"post-923","1":"product","2":"type-product","3":"status-publish","4":"has-post-thumbnail","6":"product_cat-book","7":"product_tag-books","8":"product_tag-music","9":"product_tag-symposium","10":"product_shipping_class-europe","12":"first","13":"instock","14":"taxable","15":"shipping-taxable","16":"purchasable","17":"product-type-simple"},"_links":{"self":[{"href":"https:\/\/musicremembranceradio.org\/fr\/wp-json\/wp\/v2\/product\/923","targetHints":{"allow":["GET"]}}],"collection":[{"href":"https:\/\/musicremembranceradio.org\/fr\/wp-json\/wp\/v2\/product"}],"about":[{"href":"https:\/\/musicremembranceradio.org\/fr\/wp-json\/wp\/v2\/types\/product"}],"version-history":[{"count":3,"href":"https:\/\/musicremembranceradio.org\/fr\/wp-json\/wp\/v2\/product\/923\/revisions"}],"predecessor-version":[{"id":4196,"href":"https:\/\/musicremembranceradio.org\/fr\/wp-json\/wp\/v2\/product\/923\/revisions\/4196"}],"wp:featuredmedia":[{"embeddable":true,"href":"https:\/\/musicremembranceradio.org\/fr\/wp-json\/wp\/v2\/media\/4200"}],"wp:attachment":[{"href":"https:\/\/musicremembranceradio.org\/fr\/wp-json\/wp\/v2\/media?parent=923"}],"wp:term":[{"taxonomy":"product_brand","embeddable":true,"href":"https:\/\/musicremembranceradio.org\/fr\/wp-json\/wp\/v2\/product_brand?post=923"},{"taxonomy":"product_cat","embeddable":true,"href":"https:\/\/musicremembranceradio.org\/fr\/wp-json\/wp\/v2\/product_cat?post=923"},{"taxonomy":"product_tag","embeddable":true,"href":"https:\/\/musicremembranceradio.org\/fr\/wp-json\/wp\/v2\/product_tag?post=923"}],"curies":[{"name":"wp","href":"https:\/\/api.w.org\/{rel}","templated":true}]}}