{"id":5116,"date":"2025-12-26T16:31:03","date_gmt":"2025-12-26T15:31:03","guid":{"rendered":"https:\/\/musicremembranceradio.org\/?post_type=product&#038;p=5116"},"modified":"2025-12-26T16:33:29","modified_gmt":"2025-12-26T15:33:29","slug":"la-vie-musicale-en-republique-democratique-allemande","status":"publish","type":"product","link":"https:\/\/musicremembranceradio.org\/fr\/produit\/la-vie-musicale-en-republique-democratique-allemande\/","title":{"rendered":"La vie musicale en R\u00e9publique D\u00e9mocratique Allemande"},"content":{"rendered":"<p><span class=\"value\">Trois d\u00e9cennies apr\u00e8s la fin de la R\u00e9publique d\u00e9mocratique allemande (RDA), sa vie musicale reste tr\u00e8s mal connue dans le monde francophone. Con\u00e7ue comme un outil id\u00e9ologique au service de l&#8217;URSS, elle se distinguait par un nationalisme sourcilleux, par la valorisation d&#8217;un esprit conformiste et par une surveillance permanente que la STASI op\u00e9rait sur les musiciens. Des personnalit\u00e9s ou des institutions telles que Kurt Masur, Theo Adam et Peter Schreier, l&#8217;Op\u00e9ra d&#8217;\u00c9tat de Berlin-Est ou l&#8217;Orchestre du Gewandhaus de Leipzig n&#8217;y \u00e9chapp\u00e8rent jamais. Ce livre a \u00e9t\u00e9 \u00e9crit \u00e0 la suite de dizaines d&#8217;entretiens et de longues recherches entreprises en 2012 dans des fonds d&#8217;archives. Il comporte quantit\u00e9 d&#8217;informations in\u00e9dites sur une activit\u00e9 d\u00e9bordante. Celle-ci incluait l&#8217;art lyrique, la musique de chambre, la musique symphonique, la musique sacr\u00e9e, la cr\u00e9ation contemporaine, les tourn\u00e9es \u00e0 l&#8217;\u00e9tranger, l&#8217;industrie du disque. L&#8217;ouvrage prend aussi en consid\u00e9ration la R\u00e9unification allemande et ses lourdes cons\u00e9quences pour l&#8217;\u00e9ph\u00e9m\u00e8re RDA&#8230;<\/span><\/p>\n<p>&nbsp;<\/p>\n<ul>\n<li>Edition : Droz, Gen\u00e8ve<\/li>\n<li>Date de publication : 22 f\u00e9vrier 2022<\/li>\n<li>Broch\u00e9 &#8211; format 15,2 x 22,2 cm &#8211; 424 pages<\/li>\n<li>Langue : fran\u00e7ais<\/li>\n<li>ISBN : 978-2-600-06274-9<\/li>\n<\/ul>","protected":false},"excerpt":{"rendered":"<p>(1949 &#8211; 1990) &#8211; comparaisons avec l&#8217;URSS et avec la France, par le Dr. Philippe Olivier<\/p>","protected":false},"featured_media":5117,"template":"","meta":[],"product_brand":[],"product_cat":[121,70,120],"product_tag":[108,137,139,96,130],"class_list":{"0":"post-5116","1":"product","2":"type-product","3":"status-publish","4":"has-post-thumbnail","6":"product_cat-book","7":"product_cat-classical-music","8":"product_cat-contemporary-music","9":"product_tag-books","10":"product_tag-ddr","11":"product_tag-history","12":"product_tag-music","13":"product_tag-ussr","15":"first","16":"instock","17":"shipping-taxable","18":"purchasable","19":"product-type-simple"},"_links":{"self":[{"href":"https:\/\/musicremembranceradio.org\/fr\/wp-json\/wp\/v2\/product\/5116","targetHints":{"allow":["GET"]}}],"collection":[{"href":"https:\/\/musicremembranceradio.org\/fr\/wp-json\/wp\/v2\/product"}],"about":[{"href":"https:\/\/musicremembranceradio.org\/fr\/wp-json\/wp\/v2\/types\/product"}],"version-history":[{"count":3,"href":"https:\/\/musicremembranceradio.org\/fr\/wp-json\/wp\/v2\/product\/5116\/revisions"}],"predecessor-version":[{"id":5120,"href":"https:\/\/musicremembranceradio.org\/fr\/wp-json\/wp\/v2\/product\/5116\/revisions\/5120"}],"wp:featuredmedia":[{"embeddable":true,"href":"https:\/\/musicremembranceradio.org\/fr\/wp-json\/wp\/v2\/media\/5117"}],"wp:attachment":[{"href":"https:\/\/musicremembranceradio.org\/fr\/wp-json\/wp\/v2\/media?parent=5116"}],"wp:term":[{"taxonomy":"product_brand","embeddable":true,"href":"https:\/\/musicremembranceradio.org\/fr\/wp-json\/wp\/v2\/product_brand?post=5116"},{"taxonomy":"product_cat","embeddable":true,"href":"https:\/\/musicremembranceradio.org\/fr\/wp-json\/wp\/v2\/product_cat?post=5116"},{"taxonomy":"product_tag","embeddable":true,"href":"https:\/\/musicremembranceradio.org\/fr\/wp-json\/wp\/v2\/product_tag?post=5116"}],"curies":[{"name":"wp","href":"https:\/\/api.w.org\/{rel}","templated":true}]}}