{"id":5100,"date":"2025-12-26T12:34:52","date_gmt":"2025-12-26T11:34:52","guid":{"rendered":"https:\/\/musicremembranceradio.org\/?post_type=product&#038;p=5100"},"modified":"2025-12-26T12:45:28","modified_gmt":"2025-12-26T11:45:28","slug":"musiques-dans-les-camps-nazis","status":"publish","type":"product","link":"https:\/\/musicremembranceradio.org\/fr\/produit\/musiques-dans-les-camps-nazis\/","title":{"rendered":"Musiques dans les camps nazis"},"content":{"rendered":"<p>Nouvelle \u00e9dition, corrig\u00e9e, amend\u00e9e et augment\u00e9e du livre de 2010 <em>Survivre et mourir en musique dans les camps nazis<\/em>, <em>Musiques dans les camps nazis<\/em> constitue la r\u00e9sultante de dix ans de recherches, de conf\u00e9rences et de d\u00e9bats publics sur la question sp\u00e9cifique de l&#8217;utilisation et de l&#8217;instrumentalisation de la musique dans les camps.<\/p>\n<p>Quel r\u00f4le a jou\u00e9 la musique dans un tel contexte : un r\u00f4le artistique ? Historique ? Une forme de r\u00e9sistance ou, bien au contraire, une forme de collaboration ? Une soumission aux bourreaux ou une possibilit\u00e9 de survie ? Les musiciens \u00e9taient-ils privil\u00e9gi\u00e9s et pourquoi ? Pouvait-on sauver sa vie en jouant un air de violon ou en fredonnant une simple chanson ? La solidarit\u00e9 entre musiciens a-t-elle jou\u00e9 un r\u00f4le et lequel ?<\/p>\n<p>\u00c0 toutes ces questions, les r\u00e9ponses ne sont ni simples ni univoques. Toutes les contradictions ont exist\u00e9 ou coexist\u00e9 et, selon les p\u00e9riodes ou les endroits, le meilleur et le pire de l\u2019\u00e2me humaine a pu se c\u00f4toyer, voire se juxtaposer.<\/p>\n<p>&nbsp;<\/p>\n<ul>\n<li>Date de publication : 4 mai 2019<\/li>\n<li>Broch\u00e9 &#8211; format : 17,5 x 25,5 cm \u2022 258 pages<\/li>\n<li>Langues : fran\u00e7ais<\/li>\n<li>ISBN : <span class=\"a-list-item\">978-2752103826<\/span><\/li>\n<\/ul>","protected":false},"excerpt":{"rendered":"<p>Livre d&#8217;\u00e9tude de Bruno Giner, musicologue, critique et compositeur.<\/p>","protected":false},"featured_media":5102,"template":"","meta":[],"product_brand":[],"product_cat":[121,133],"product_tag":[108,134,135,96],"class_list":{"0":"post-5100","1":"product","2":"type-product","3":"status-publish","4":"has-post-thumbnail","6":"product_cat-book","7":"product_cat-camps","8":"product_tag-books","9":"product_tag-concentration-camps","10":"product_tag-deportation-camps","11":"product_tag-music","13":"first","14":"instock","15":"shipping-taxable","16":"purchasable","17":"product-type-simple"},"_links":{"self":[{"href":"https:\/\/musicremembranceradio.org\/fr\/wp-json\/wp\/v2\/product\/5100","targetHints":{"allow":["GET"]}}],"collection":[{"href":"https:\/\/musicremembranceradio.org\/fr\/wp-json\/wp\/v2\/product"}],"about":[{"href":"https:\/\/musicremembranceradio.org\/fr\/wp-json\/wp\/v2\/types\/product"}],"version-history":[{"count":3,"href":"https:\/\/musicremembranceradio.org\/fr\/wp-json\/wp\/v2\/product\/5100\/revisions"}],"predecessor-version":[{"id":5111,"href":"https:\/\/musicremembranceradio.org\/fr\/wp-json\/wp\/v2\/product\/5100\/revisions\/5111"}],"wp:featuredmedia":[{"embeddable":true,"href":"https:\/\/musicremembranceradio.org\/fr\/wp-json\/wp\/v2\/media\/5102"}],"wp:attachment":[{"href":"https:\/\/musicremembranceradio.org\/fr\/wp-json\/wp\/v2\/media?parent=5100"}],"wp:term":[{"taxonomy":"product_brand","embeddable":true,"href":"https:\/\/musicremembranceradio.org\/fr\/wp-json\/wp\/v2\/product_brand?post=5100"},{"taxonomy":"product_cat","embeddable":true,"href":"https:\/\/musicremembranceradio.org\/fr\/wp-json\/wp\/v2\/product_cat?post=5100"},{"taxonomy":"product_tag","embeddable":true,"href":"https:\/\/musicremembranceradio.org\/fr\/wp-json\/wp\/v2\/product_tag?post=5100"}],"curies":[{"name":"wp","href":"https:\/\/api.w.org\/{rel}","templated":true}]}}