{"id":5093,"date":"2025-12-26T11:42:10","date_gmt":"2025-12-26T10:42:10","guid":{"rendered":"https:\/\/musicremembranceradio.org\/?post_type=product&#038;p=5093"},"modified":"2025-12-26T11:42:10","modified_gmt":"2025-12-26T10:42:10","slug":"musiques-en-resistance-arvo-part-et-valentin-silvestrov","status":"publish","type":"product","link":"https:\/\/musicremembranceradio.org\/fr\/produit\/musiques-en-resistance-arvo-part-et-valentin-silvestrov\/","title":{"rendered":"Musiques en r\u00e9sistance : Arvo P\u00e4rt et Valentin Silvestrov"},"content":{"rendered":"<p>Constantin Sigov r\u00e9ussit \u00e0 synth\u00e9tiser dans un texte \u00e9mouvant et pr\u00e9cis l\u2019\u00e9poque sovi\u00e9tique, o\u00f9 les id\u00e9aux de la cr\u00e9ation libre se heurtaient au mur de la censure, l\u2019\u00e9poque de l\u2019ind\u00e9pendance de l\u2019Estonie et de l\u2019Ukraine, o\u00f9 le talent des deux protagonistes a connu un spectaculaire \u00e9panouissement, et l\u2019\u00e9poque h\u00e9ro\u00efque et tragique de la guerre contre l\u2019Ukraine d\u00e9clench\u00e9e par la Russie. Il s\u2019agit d\u2019une vision que seul un de leurs amis proches tel que le philosophe et \u00e9diteur ukrainien Constantin Sigov peut nous offrir \u00e0 travers les destins crois\u00e9s et l\u2019\u0153uvre de ces hommes remarquables, li\u00e9s eux aussi par une amiti\u00e9 \u00e0 toute \u00e9preuve.<\/p>\n<ul>\n<li><span class=\"a-list-item\"><span class=\"a-text-bold\">Date de publication \u200f : \u200e <\/span> 8 octobre 2025 <\/span><\/li>\n<li>Editions A l&#8217;est de Brest &#8211; Litovsk<\/li>\n<li>Langue : fran\u00e7ais<\/li>\n<li>164 pages<\/li>\n<li><span class=\"a-list-item\"> <span class=\"a-text-bold\">ISBN-13 \u200f : \u200e <\/span> 978-2487964020<\/span><\/li>\n<\/ul>","protected":false},"excerpt":{"rendered":"<p>Cet ouvrage t\u00e9moigne des processus de cr\u00e9ation sous l&#8217;oppression de deux des plus grandes figures de la musique contemporaine du bloc russe (pays de l&#8217;ex-URSS), Arvo P\u00e4rt et Valentin Silvestrov, par un t\u00e9moin direct, proche des deux compositeurs.<\/p>","protected":false},"featured_media":5094,"template":"","meta":[],"product_brand":[],"product_cat":[121,120],"product_tag":[129,131,130],"class_list":{"0":"post-5093","1":"product","2":"type-product","3":"status-publish","4":"has-post-thumbnail","6":"product_cat-book","7":"product_cat-contemporary-music","8":"product_tag-testimony","9":"product_tag-ukraine","10":"product_tag-ussr","12":"first","13":"instock","14":"shipping-taxable","15":"purchasable","16":"product-type-simple"},"_links":{"self":[{"href":"https:\/\/musicremembranceradio.org\/fr\/wp-json\/wp\/v2\/product\/5093","targetHints":{"allow":["GET"]}}],"collection":[{"href":"https:\/\/musicremembranceradio.org\/fr\/wp-json\/wp\/v2\/product"}],"about":[{"href":"https:\/\/musicremembranceradio.org\/fr\/wp-json\/wp\/v2\/types\/product"}],"version-history":[{"count":1,"href":"https:\/\/musicremembranceradio.org\/fr\/wp-json\/wp\/v2\/product\/5093\/revisions"}],"predecessor-version":[{"id":5095,"href":"https:\/\/musicremembranceradio.org\/fr\/wp-json\/wp\/v2\/product\/5093\/revisions\/5095"}],"wp:featuredmedia":[{"embeddable":true,"href":"https:\/\/musicremembranceradio.org\/fr\/wp-json\/wp\/v2\/media\/5094"}],"wp:attachment":[{"href":"https:\/\/musicremembranceradio.org\/fr\/wp-json\/wp\/v2\/media?parent=5093"}],"wp:term":[{"taxonomy":"product_brand","embeddable":true,"href":"https:\/\/musicremembranceradio.org\/fr\/wp-json\/wp\/v2\/product_brand?post=5093"},{"taxonomy":"product_cat","embeddable":true,"href":"https:\/\/musicremembranceradio.org\/fr\/wp-json\/wp\/v2\/product_cat?post=5093"},{"taxonomy":"product_tag","embeddable":true,"href":"https:\/\/musicremembranceradio.org\/fr\/wp-json\/wp\/v2\/product_tag?post=5093"}],"curies":[{"name":"wp","href":"https:\/\/api.w.org\/{rel}","templated":true}]}}