{"id":5089,"date":"2025-12-26T11:30:33","date_gmt":"2025-12-26T10:30:33","guid":{"rendered":"https:\/\/musicremembranceradio.org\/?post_type=product&#038;p=5089"},"modified":"2025-12-26T12:43:45","modified_gmt":"2025-12-26T11:43:45","slug":"joseph-kosma-a-la-belle-etoile","status":"publish","type":"product","link":"https:\/\/musicremembranceradio.org\/fr\/produit\/joseph-kosma-a-la-belle-etoile\/","title":{"rendered":"Joseph Kosma, \u00e0 la belle \u00e9toile"},"content":{"rendered":"<p class=\"p1\">Juif hongrois, Joseph Kosma, \u00e0 l\u2019instar de Brecht, Weill et Eisler, doit fuir Berlin en 1933. <em>\u00c0 la Belle \u00e9toile<\/em> (1935) marque ses d\u00e9buts parisiens : rencontre avec Pr\u00e9vert, luttes politiques, musique de films, chansons. Cet album prend aussi le parti de faire d\u00e9couvrir des \u0153uvres m\u00e9connues, souvent in\u00e9dites au disque, pour ch\u0153ur, piano, voix et instruments \u00e0 cordes, \u00e9crites au fil des rencontres, en particulier avec les r\u00e9sistants Madeleine Riffaud et Henri Bassis, et en fid\u00e9lit\u00e9 \u00e0 un id\u00e9al r\u00e9volutionnaire (<em>Si nous mourrons<\/em>, \u00e9crite sur la lettre d\u2019Ethel Rosenberg \u00e0 ses deux fils).<\/p>\n<p>&nbsp;<\/p>\n<p><a href=\"https:\/\/musicremembranceradio.org\/wp-content\/uploads\/2025\/12\/VxEtff_Kosma-livret-PRINT-BAT.pdf\">Consulter le livret num\u00e9rique<\/a><\/p>\n<p>&nbsp;<\/p>\n<ul>\n<li>Editions Hortus 2025<\/li>\n<li>1CD DDD<\/li>\n<li>Temps total 60&#8217;43<\/li>\n<li>ISBN\/EAN 3487720008351<\/li>\n<\/ul>","protected":false},"excerpt":{"rendered":"<p>David Moreau, violon<br \/>\nCatherine Trottmann, soprano<br \/>\nAnne-Lise Polchlopek, mezzo-soprano<br \/>\nCh\u0153ur Fiat Cantus<br \/>\nSolistes de l&#8217;ensemble Les M\u00e9tamorphoses (Luka Ispir \/ Michael Riedler, violons ; Pierre Schaaf, violoncelle ; Stanislas Kuchinski, contrebasse)<br \/>\nThomas Tacquet, piano &amp; direction<\/p>","protected":false},"featured_media":5090,"template":"","meta":[],"product_brand":[],"product_cat":[70,120],"product_tag":[128,127,96],"class_list":{"0":"post-5089","1":"product","2":"type-product","3":"status-publish","4":"has-post-thumbnail","6":"product_cat-classical-music","7":"product_cat-contemporary-music","8":"product_tag-first-recording","9":"product_tag-kosma","10":"product_tag-music","12":"first","13":"instock","14":"shipping-taxable","15":"purchasable","16":"product-type-simple"},"_links":{"self":[{"href":"https:\/\/musicremembranceradio.org\/fr\/wp-json\/wp\/v2\/product\/5089","targetHints":{"allow":["GET"]}}],"collection":[{"href":"https:\/\/musicremembranceradio.org\/fr\/wp-json\/wp\/v2\/product"}],"about":[{"href":"https:\/\/musicremembranceradio.org\/fr\/wp-json\/wp\/v2\/types\/product"}],"version-history":[{"count":4,"href":"https:\/\/musicremembranceradio.org\/fr\/wp-json\/wp\/v2\/product\/5089\/revisions"}],"predecessor-version":[{"id":5109,"href":"https:\/\/musicremembranceradio.org\/fr\/wp-json\/wp\/v2\/product\/5089\/revisions\/5109"}],"wp:featuredmedia":[{"embeddable":true,"href":"https:\/\/musicremembranceradio.org\/fr\/wp-json\/wp\/v2\/media\/5090"}],"wp:attachment":[{"href":"https:\/\/musicremembranceradio.org\/fr\/wp-json\/wp\/v2\/media?parent=5089"}],"wp:term":[{"taxonomy":"product_brand","embeddable":true,"href":"https:\/\/musicremembranceradio.org\/fr\/wp-json\/wp\/v2\/product_brand?post=5089"},{"taxonomy":"product_cat","embeddable":true,"href":"https:\/\/musicremembranceradio.org\/fr\/wp-json\/wp\/v2\/product_cat?post=5089"},{"taxonomy":"product_tag","embeddable":true,"href":"https:\/\/musicremembranceradio.org\/fr\/wp-json\/wp\/v2\/product_tag?post=5089"}],"curies":[{"name":"wp","href":"https:\/\/api.w.org\/{rel}","templated":true}]}}