{"id":5067,"date":"2025-09-01T19:19:10","date_gmt":"2025-09-01T17:19:10","guid":{"rendered":"https:\/\/musicremembranceradio.org\/?post_type=product&#038;p=5067"},"modified":"2025-12-26T16:37:00","modified_gmt":"2025-12-26T15:37:00","slug":"henriette-bosmans-le-diable-dans-la-nuit","status":"publish","type":"product","link":"https:\/\/musicremembranceradio.org\/fr\/produit\/henriette-bosmans-le-diable-dans-la-nuit\/","title":{"rendered":"Henri\u00ebtte Bosmans, le diable dans la nuit"},"content":{"rendered":"<p>Compositrice et pianiste concertiste r\u00e9put\u00e9e dans l\u2019entre-deux-guerres, Henri\u00ebtte Bosmans tombe injustement dans l\u2019oubli apr\u00e8s sa mort. Sa carri\u00e8re avait d\u00e9j\u00e0 \u00e9t\u00e9 s\u00e9rieusement interrompue par l\u2019Occupation nazie des Pays-Bas, et les pers\u00e9cutions antis\u00e9mites qu\u2019elle d\u00fbt affronter. <em>Le Diable dans la Nuit<\/em> remet au premier plan sa musique instrumentale et vocale. Une \u0153uvre pleine de couleurs et de contrastes, rest\u00e9e trop longtemps n\u00e9glig\u00e9e.<\/p>\n<p>&nbsp;<\/p>\n<ul>\n<li>Editions Hortus 2025<\/li>\n<li>1 CD DDD<\/li>\n<li>Total time 61&#8217;59<\/li>\n<li>EAN 3487720008344<\/li>\n<\/ul>","protected":false},"excerpt":{"rendered":"<p>Elizaveta Agrafenina, soprano \/ Dimitri Malignan, piano \/ Sarah Bayens, violon<\/p>","protected":false},"featured_media":5068,"template":"","meta":[],"product_brand":[],"product_cat":[120],"product_tag":[123,96],"class_list":{"0":"post-5067","1":"product","2":"type-product","3":"status-publish","4":"has-post-thumbnail","6":"product_cat-contemporary-music","7":"product_tag-entartete-musik","8":"product_tag-music","10":"first","11":"instock","12":"shipping-taxable","13":"purchasable","14":"product-type-simple"},"_links":{"self":[{"href":"https:\/\/musicremembranceradio.org\/fr\/wp-json\/wp\/v2\/product\/5067","targetHints":{"allow":["GET"]}}],"collection":[{"href":"https:\/\/musicremembranceradio.org\/fr\/wp-json\/wp\/v2\/product"}],"about":[{"href":"https:\/\/musicremembranceradio.org\/fr\/wp-json\/wp\/v2\/types\/product"}],"version-history":[{"count":3,"href":"https:\/\/musicremembranceradio.org\/fr\/wp-json\/wp\/v2\/product\/5067\/revisions"}],"predecessor-version":[{"id":5122,"href":"https:\/\/musicremembranceradio.org\/fr\/wp-json\/wp\/v2\/product\/5067\/revisions\/5122"}],"wp:featuredmedia":[{"embeddable":true,"href":"https:\/\/musicremembranceradio.org\/fr\/wp-json\/wp\/v2\/media\/5068"}],"wp:attachment":[{"href":"https:\/\/musicremembranceradio.org\/fr\/wp-json\/wp\/v2\/media?parent=5067"}],"wp:term":[{"taxonomy":"product_brand","embeddable":true,"href":"https:\/\/musicremembranceradio.org\/fr\/wp-json\/wp\/v2\/product_brand?post=5067"},{"taxonomy":"product_cat","embeddable":true,"href":"https:\/\/musicremembranceradio.org\/fr\/wp-json\/wp\/v2\/product_cat?post=5067"},{"taxonomy":"product_tag","embeddable":true,"href":"https:\/\/musicremembranceradio.org\/fr\/wp-json\/wp\/v2\/product_tag?post=5067"}],"curies":[{"name":"wp","href":"https:\/\/api.w.org\/{rel}","templated":true}]}}