{"id":5020,"date":"2024-12-28T11:55:04","date_gmt":"2024-12-28T10:55:04","guid":{"rendered":"https:\/\/musicremembranceradio.org\/?post_type=product&#038;p=5020"},"modified":"2025-01-12T20:54:29","modified_gmt":"2025-01-12T19:54:29","slug":"arnold-schoenberg-larrangeur-arrange","status":"publish","type":"product","link":"https:\/\/musicremembranceradio.org\/fr\/produit\/arnold-schoenberg-larrangeur-arrange\/","title":{"rendered":"Arnold Schoenberg, l&#8217;arrangeur arrang\u00e9"},"content":{"rendered":"<p>Arnold Schoenberg, compositeur am\u00e9ricain d\u2019origine autrichienne, est une figure d\u2019envergure universelle. C\u00e9l\u00e8bre th\u00e9oricien, peintre, auteur d\u2019oeuvres et d\u2019arrangements vari\u00e9s, il constitue, par r\u00e9action ou par adh\u00e9sion avec ses id\u00e9es, l\u2019un des embl\u00e8mes les plus marquants de la r\u00e9volution musicale op\u00e9r\u00e9e au XX\u1d49 si\u00e8cle.<br \/>\nToutefois, cette position, associ\u00e9e \u00e0 ses origines juives, lui valut \u00e9galement d\u2019\u00eatre l\u2019une des victimes les plus c\u00e9l\u00e8bres de la politique antis\u00e9mite de l\u2019Allemagne nazie. En raison de la loi d\u2019aryanisation de la fonction publique, il dut d\u00e9missionner de son poste berlinois de professeur de composition, et quitter en 1933 l\u2019Allemagne pour la France, avant de s\u2019installer d\u00e9finitivement aux \u00c9tats-Unis.<br \/>\nA l\u2019occasion des 150 ans de sa naissance, cet album vise \u00e0 faire red\u00e9couvrir quelques pi\u00e8ces centrales de son oeuvre, par le biais des arrangements que lui-m\u00eame ou que certains de ses \u00e9tudiants ou disciples en ont r\u00e9alis\u00e9.<\/p>\n<p><a href=\"https:\/\/musicremembranceradio.org\/wp-content\/uploads\/2024\/12\/Hortus833-livret_WEB.pdf\">D\u00e9couvrir le livret num\u00e9rique<\/a><\/p>\n<ul>\n<li>Editions Hortus 2024<\/li>\n<li>1CD DDD<\/li>\n<li>Temps total 62&#8217;25<\/li>\n<li>ISBN\/EAN 3487720008337<\/li>\n<\/ul>\n<p>R\u00e9compens\u00e9 de 4 \u00e9toiles pizzicato.<\/p>\n<p>&nbsp;<\/p>","protected":false},"excerpt":{"rendered":"<p>Orchestre Les M\u00e9tamorphoses<br \/>\nMaria Schellenberg, mezzo<br \/>\nAmaury du Closel, chef d&#8217;orchestre<\/p>\n<p><span class=\"artistesO\">Lilya Chifman \/ Michael Serra \/ Eva Gris, violon <\/span><br \/>\n<span class=\"artistesO\">Maxence Grimbert-Barr\u00e9, alto<br \/>\n<\/span><span class=\"artistesO\">Pierre Schaaf, violoncelle<br \/>\nAlba Cantuern, contrebasse <\/span><br \/>\n<span class=\"artistesO\"> Pierre Verneyre \/ Philippe Cuper, clarinette <\/span><br \/>\n<span class=\"artistesO\">Anne Chamussy, hautbois<br \/>\nMarion Andr\u00e9, harmonium<br \/>\n<\/span><span class=\"artistesO\"> Thomas Tacquet, piano <\/span><\/p>\n<p>Comprend : Erste Kammersymphonie op. 9 (arr. A. Webern), Das Buch der H\u00e4ngenden G\u00e4rten op. 15 (arr. H. Burrell), F\u00fcnf Orchesterst\u00fccke op. 16 (arr. Schoenberg)<\/p>","protected":false},"featured_media":5023,"template":"","meta":[],"product_brand":[],"product_cat":[70],"product_tag":[96,125],"class_list":{"0":"post-5020","1":"product","2":"type-product","3":"status-publish","4":"has-post-thumbnail","6":"product_cat-classical-music","7":"product_tag-music","8":"product_tag-schoenberg","10":"first","11":"instock","12":"shipping-taxable","13":"purchasable","14":"product-type-simple"},"_links":{"self":[{"href":"https:\/\/musicremembranceradio.org\/fr\/wp-json\/wp\/v2\/product\/5020","targetHints":{"allow":["GET"]}}],"collection":[{"href":"https:\/\/musicremembranceradio.org\/fr\/wp-json\/wp\/v2\/product"}],"about":[{"href":"https:\/\/musicremembranceradio.org\/fr\/wp-json\/wp\/v2\/types\/product"}],"version-history":[{"count":2,"href":"https:\/\/musicremembranceradio.org\/fr\/wp-json\/wp\/v2\/product\/5020\/revisions"}],"predecessor-version":[{"id":5025,"href":"https:\/\/musicremembranceradio.org\/fr\/wp-json\/wp\/v2\/product\/5020\/revisions\/5025"}],"wp:featuredmedia":[{"embeddable":true,"href":"https:\/\/musicremembranceradio.org\/fr\/wp-json\/wp\/v2\/media\/5023"}],"wp:attachment":[{"href":"https:\/\/musicremembranceradio.org\/fr\/wp-json\/wp\/v2\/media?parent=5020"}],"wp:term":[{"taxonomy":"product_brand","embeddable":true,"href":"https:\/\/musicremembranceradio.org\/fr\/wp-json\/wp\/v2\/product_brand?post=5020"},{"taxonomy":"product_cat","embeddable":true,"href":"https:\/\/musicremembranceradio.org\/fr\/wp-json\/wp\/v2\/product_cat?post=5020"},{"taxonomy":"product_tag","embeddable":true,"href":"https:\/\/musicremembranceradio.org\/fr\/wp-json\/wp\/v2\/product_tag?post=5020"}],"curies":[{"name":"wp","href":"https:\/\/api.w.org\/{rel}","templated":true}]}}