{"id":4872,"date":"2024-02-19T18:57:02","date_gmt":"2024-02-19T17:57:02","guid":{"rendered":"https:\/\/musicremembranceradio.org\/?post_type=product&#038;p=4872"},"modified":"2024-02-19T19:06:36","modified_gmt":"2024-02-19T18:06:36","slug":"les-voix-etouffees-du-iiie-reich","status":"publish","type":"product","link":"https:\/\/musicremembranceradio.org\/fr\/produit\/les-voix-etouffees-du-iiie-reich\/","title":{"rendered":"Les Voix Etouff\u00e9es du IIIe Reich"},"content":{"rendered":"<p>D\u00e8s leur arriv\u00e9e au pouvoir, les dirigeants nazis entreprennent une \u00e9radication de l'&#8221;art d\u00e9g\u00e9n\u00e9r\u00e9&#8221; <i>(Entartete Kunst)<\/i>, fond\u00e9e sur une normalit\u00e9 cr\u00e9atrice visant \u00e0 rejeter toute avant-garde au nom de la puret\u00e9 de la race aryenne.\u00a0La notion m\u00eame de &#8220;musique d\u00e9g\u00e9n\u00e9r\u00e9e&#8221; <i>(Entartete Musik)<\/i>, objet d&#8217;une exposition qui se tient en mai 1938 \u00e0 D\u00fcsseldorf, ne fait pourtant que d\u00e9montrer la diversit\u00e9 des styles concern\u00e9s et le caract\u00e8re \u00e9minemment racial et politique des crit\u00e8res retenus. C&#8217;est ainsi que de tr\u00e8s nombreux compositeurs et interpr\u00e8tes, tax\u00e9s de juda\u00efsme, de d\u00e9g\u00e9n\u00e9rescence ou de bolchevisme, ont perdu, et ce d\u00e8s 1933, tout moyen d&#8217;expression et de subsistance.<\/p>\n<p>Premier du genre publi\u00e9 en fran\u00e7ais, cet ouvrage s&#8217;attache \u00e0 replacer dans son contexte id\u00e9ologique et institutionnel cette r\u00e9pression mise en oeuvre par le III<sup>e<\/sup> Reich et qui s&#8217;\u00e9tendra \u00e0 tous les pays annex\u00e9s ou occup\u00e9s. Mais il d\u00e9crit \u00e9galement les destins individuels de ces &#8220;voix \u00e9touff\u00e9es&#8221; : de l&#8217;exil volontaire ou int\u00e9rieur \u00e0 la disparition dans les camps de concentration. Il dresse ainsi l&#8217;inventaire de plus de deux cents compositeurs, inconnus aujourd&#8217;hui pour la plupart, auteurs parfois d&#8217;innombrables chefs-d&#8217;oeuvre condamn\u00e9s \u00e0 l&#8217;oubli, et qui constituent autant de cl\u00e9s pour la compr\u00e9hension de l&#8217;histoire de la musique du XX<sup>e<\/sup> si\u00e8cle.<\/p>\n<p>Prix du Syndicat de la critique de th\u00e9\u00e2tre, musique, danse &#8211; Meilleur Essai de musique &#8211; 2005<\/p>\n<p>&nbsp;<\/p>\n<ul>\n<li>Date de publication : 03\/01\/2005<\/li>\n<li>Broch\u00e9 &#8211; format : 24&#215;13 cm \u2022 576 pages<\/li>\n<li>Editions Actes Sud, Hors Collection<\/li>\n<li>Langue : fran\u00e7ais<\/li>\n<li><span id=\"ctl00_ContentPlaceHolder1_LTEan_LTLabel\" class=\"Wlibelle\">EAN\/ISBN<\/span> : <span id=\"ctl00_ContentPlaceHolder1_LEAN\">9782742752645<\/span><\/li>\n<\/ul>","protected":false},"excerpt":{"rendered":"<p>Cet ouvrage replace dans son contexte id\u00e9ologique et institutionnel la politique d&#8217;\u00e9radication men\u00e9e par les nazis \u00e0 l&#8217;encontre de l'&#8221;Entartete Musik&#8221; (musique d\u00e9g\u00e9n\u00e9r\u00e9e). D&#8217;innombrables chefs-d&#8217;oeuvre mis \u00e0 l&#8217;index en 1938 furent condamn\u00e9s \u00e0 l&#8217;oubli ; ils m\u00e9ritent aujourd&#8217;hui d&#8217;\u00eatre (re)d\u00e9couverts, ne serait-ce que pour leur contribution \u00e0 l&#8217;histoire de la musique du XXe si\u00e8cle.<\/p>\n<p>&nbsp;<\/p>","protected":false},"featured_media":4873,"template":"","meta":[],"product_brand":[],"product_cat":[121],"product_tag":[108,123,124],"class_list":{"0":"post-4872","1":"product","2":"type-product","3":"status-publish","4":"has-post-thumbnail","6":"product_cat-book","7":"product_tag-books","8":"product_tag-entartete-musik","9":"product_tag-voix-etouffees","11":"first","12":"instock","13":"taxable","14":"shipping-taxable","15":"purchasable","16":"product-type-simple"},"_links":{"self":[{"href":"https:\/\/musicremembranceradio.org\/fr\/wp-json\/wp\/v2\/product\/4872","targetHints":{"allow":["GET"]}}],"collection":[{"href":"https:\/\/musicremembranceradio.org\/fr\/wp-json\/wp\/v2\/product"}],"about":[{"href":"https:\/\/musicremembranceradio.org\/fr\/wp-json\/wp\/v2\/types\/product"}],"version-history":[{"count":5,"href":"https:\/\/musicremembranceradio.org\/fr\/wp-json\/wp\/v2\/product\/4872\/revisions"}],"predecessor-version":[{"id":4878,"href":"https:\/\/musicremembranceradio.org\/fr\/wp-json\/wp\/v2\/product\/4872\/revisions\/4878"}],"wp:featuredmedia":[{"embeddable":true,"href":"https:\/\/musicremembranceradio.org\/fr\/wp-json\/wp\/v2\/media\/4873"}],"wp:attachment":[{"href":"https:\/\/musicremembranceradio.org\/fr\/wp-json\/wp\/v2\/media?parent=4872"}],"wp:term":[{"taxonomy":"product_brand","embeddable":true,"href":"https:\/\/musicremembranceradio.org\/fr\/wp-json\/wp\/v2\/product_brand?post=4872"},{"taxonomy":"product_cat","embeddable":true,"href":"https:\/\/musicremembranceradio.org\/fr\/wp-json\/wp\/v2\/product_cat?post=4872"},{"taxonomy":"product_tag","embeddable":true,"href":"https:\/\/musicremembranceradio.org\/fr\/wp-json\/wp\/v2\/product_tag?post=4872"}],"curies":[{"name":"wp","href":"https:\/\/api.w.org\/{rel}","templated":true}]}}