{"id":1312,"date":"2019-02-26T15:08:38","date_gmt":"2019-02-26T15:08:38","guid":{"rendered":"https:\/\/musicre.cluster027.hosting.ovh.net\/?post_type=product&#038;p=1312"},"modified":"2024-02-19T19:12:09","modified_gmt":"2024-02-19T18:12:09","slug":"zemlinsky-mahler-schreker-lieder","status":"publish","type":"product","link":"https:\/\/musicremembranceradio.org\/fr\/produit\/zemlinsky-mahler-schreker-lieder\/","title":{"rendered":"Zemlinsky, Mahler, Schreker &#8211; Lieder"},"content":{"rendered":"<p>Les cycles m\u00e9lodiques rassembl\u00e9s ici repr\u00e9sentent l\u2019apog\u00e9e de l\u2019art du Lied post-romantique. Leur juxtaposition met particuli\u00e8rement en relief leur compl\u00e9mentarit\u00e9 esth\u00e9tique et leur diversit\u00e9 stylistique. Alors que pr\u00e8s de 30 ans les s\u00e9pare, les liens de l\u2019opus 13 de Zemlinsky (1913) avec les <em><cite>Lieder eines fahrenden Gesellen<\/cite>de<\/em>\u00a0de Gustav Mahler (1884-1885) sautent aux oreilles, mais leur arrangement pour ensemble de chambre par Schoenberg et ses disciples au d\u00e9but des ann\u00e9es 20 (\u00e0 l\u2019exception des lieder n\u00b01, 3, 4 et 6 arrang\u00e9s par Amaury du Closel) souligne la diversit\u00e9 des orchestrations mises en \u0153uvre. Quant aux m\u00e9lodies de Schreker, leur orchestration rutilante est totalement repr\u00e9sentative du style tr\u00e8s personnel du compositeur, m\u00e9lange de sensualit\u00e9 et de morbidit\u00e9, \u00e9quivalent musical du mouvement pictural de la S\u00e9cession.<\/p>\n<p>&nbsp;<\/p>\n<ul>\n<li>Karusel Music International<\/li>\n<li>1 CD ADD<\/li>\n<li>Dur\u00e9e totale : 52&#8242;<\/li>\n<li>EAN : 3770000274028<\/li>\n<\/ul>","protected":false},"excerpt":{"rendered":"<p>Anna Holroyd, mezzo-soprano<br \/>\nVersailles Camerata<br \/>\nEnsemble Voix \u00e9touff\u00e9es<br \/>\nAmaury Du Closel, direction musicale<\/p>\n<p>Contient :<\/p>\n<ul>\n<li>A. Von Zemlinsky, Sechs Ges\u00e4nge op. 13<\/li>\n<li>F. Schreker, F\u00fcnf Ges\u00e4nge<\/li>\n<li>G. Mahler, Lieder eines fahrenden Gesellen<\/li>\n<\/ul>","protected":false},"featured_media":4230,"template":"","meta":[],"product_brand":[],"product_cat":[70,84],"product_tag":[96,92],"class_list":{"0":"post-1312","1":"product","2":"type-product","3":"status-publish","4":"has-post-thumbnail","6":"product_cat-classical-music","7":"product_cat-opera","8":"product_tag-music","9":"product_tag-songs","10":"product_shipping_class-europe","12":"first","13":"instock","14":"taxable","15":"shipping-taxable","16":"purchasable","17":"product-type-simple"},"_links":{"self":[{"href":"https:\/\/musicremembranceradio.org\/fr\/wp-json\/wp\/v2\/product\/1312","targetHints":{"allow":["GET"]}}],"collection":[{"href":"https:\/\/musicremembranceradio.org\/fr\/wp-json\/wp\/v2\/product"}],"about":[{"href":"https:\/\/musicremembranceradio.org\/fr\/wp-json\/wp\/v2\/types\/product"}],"version-history":[{"count":3,"href":"https:\/\/musicremembranceradio.org\/fr\/wp-json\/wp\/v2\/product\/1312\/revisions"}],"predecessor-version":[{"id":4232,"href":"https:\/\/musicremembranceradio.org\/fr\/wp-json\/wp\/v2\/product\/1312\/revisions\/4232"}],"wp:featuredmedia":[{"embeddable":true,"href":"https:\/\/musicremembranceradio.org\/fr\/wp-json\/wp\/v2\/media\/4230"}],"wp:attachment":[{"href":"https:\/\/musicremembranceradio.org\/fr\/wp-json\/wp\/v2\/media?parent=1312"}],"wp:term":[{"taxonomy":"product_brand","embeddable":true,"href":"https:\/\/musicremembranceradio.org\/fr\/wp-json\/wp\/v2\/product_brand?post=1312"},{"taxonomy":"product_cat","embeddable":true,"href":"https:\/\/musicremembranceradio.org\/fr\/wp-json\/wp\/v2\/product_cat?post=1312"},{"taxonomy":"product_tag","embeddable":true,"href":"https:\/\/musicremembranceradio.org\/fr\/wp-json\/wp\/v2\/product_tag?post=1312"}],"curies":[{"name":"wp","href":"https:\/\/api.w.org\/{rel}","templated":true}]}}