{"id":87,"date":"2019-02-20T14:35:15","date_gmt":"2019-02-20T14:35:15","guid":{"rendered":"https:\/\/musicre.cluster027.hosting.ovh.net\/?page_id=87"},"modified":"2023-09-01T22:48:00","modified_gmt":"2023-09-01T20:48:00","slug":"the-team","status":"publish","type":"page","link":"https:\/\/musicremembranceradio.org\/fr\/the-team\/","title":{"rendered":"L'\u00e9quipe"},"content":{"rendered":"<div data-elementor-type=\"wp-post\" data-elementor-id=\"87\" class=\"elementor elementor-87\">\n\t\t\t\t\t\t<section class=\"elementor-section elementor-top-section elementor-element elementor-element-6cc0be50 scheme_dark elementor-section-stretched elementor-section-boxed elementor-section-height-default elementor-section-height-default\" data-id=\"6cc0be50\" data-element_type=\"section\" data-settings=\"{&quot;background_background&quot;:&quot;classic&quot;,&quot;stretch_section&quot;:&quot;section-stretched&quot;}\">\n\t\t\t\t\t\t\t<div class=\"elementor-background-overlay\"><\/div>\n\t\t\t\t\t\t\t<div class=\"elementor-container elementor-column-gap-extended\">\n\t\t\t\t\t<div class=\"elementor-column elementor-col-100 elementor-top-column elementor-element elementor-element-50f586b4 sc_inner_width_none sc_content_align_inherit sc_layouts_column_icons_position_left\" data-id=\"50f586b4\" data-element_type=\"column\">\n\t\t\t<div class=\"elementor-widget-wrap elementor-element-populated\">\n\t\t\t\t\t\t<div class=\"elementor-element elementor-element-127e1b26 sc_fly_static elementor-widget elementor-widget-spacer\" data-id=\"127e1b26\" data-element_type=\"widget\" data-widget_type=\"spacer.default\">\n\t\t\t\t<div class=\"elementor-widget-container\">\n\t\t\t\t\t<div class=\"elementor-spacer\">\n\t\t\t<div class=\"elementor-spacer-inner\"><\/div>\n\t\t<\/div>\n\t\t\t\t<\/div>\n\t\t\t\t<\/div>\n\t\t\t\t<div class=\"elementor-element elementor-element-39d2d9b4 sc_fly_static elementor-widget elementor-widget-trx_sc_layouts_title\" data-id=\"39d2d9b4\" data-element_type=\"widget\" data-widget_type=\"trx_sc_layouts_title.default\">\n\t\t\t\t<div class=\"elementor-widget-container\">\n\t\t\t<div id=\"trx_sc_layouts_title_379848849\" class=\"sc_layouts_title sc_align_left with_content without_image without_tint\"><div class=\"sc_layouts_title_content\"><div class=\"sc_layouts_title_title\">\t\t\t\t\t\t\t<h1 class=\"sc_layouts_title_caption\">L'\u00e9quipe<\/h1>\r\n\t\t\t\t\t\t\t<\/div><div class=\"sc_layouts_title_breadcrumbs\"><div class=\"breadcrumbs\"><a class=\"breadcrumbs_item home\" href=\"https:\/\/musicremembranceradio.org\/fr\/\">Accueil<\/a><span class=\"breadcrumbs_delimiter\"><\/span><span class=\"breadcrumbs_item current\">L'\u00e9quipe<\/span><\/div><\/div><\/div><!-- .sc_layouts_title_content --><\/div><!-- \/.sc_layouts_title -->\t\t<\/div>\n\t\t\t\t<\/div>\n\t\t\t\t<div class=\"elementor-element elementor-element-26d635e0 sc_fly_static elementor-widget elementor-widget-spacer\" data-id=\"26d635e0\" data-element_type=\"widget\" data-widget_type=\"spacer.default\">\n\t\t\t\t<div class=\"elementor-widget-container\">\n\t\t\t\t\t<div class=\"elementor-spacer\">\n\t\t\t<div class=\"elementor-spacer-inner\"><\/div>\n\t\t<\/div>\n\t\t\t\t<\/div>\n\t\t\t\t<\/div>\n\t\t\t\t\t<\/div>\n\t\t<\/div>\n\t\t\t\t\t<\/div>\n\t\t<\/section>\n\t\t\t\t<section class=\"elementor-section elementor-top-section elementor-element elementor-element-f4d2512 elementor-section-boxed elementor-section-height-default elementor-section-height-default\" data-id=\"f4d2512\" data-element_type=\"section\">\n\t\t\t\t\t\t<div class=\"elementor-container elementor-column-gap-extended\">\n\t\t\t\t\t<div class=\"elementor-column elementor-col-100 elementor-top-column elementor-element elementor-element-810fe4d sc_inner_width_none sc_content_align_inherit sc_layouts_column_icons_position_left\" data-id=\"810fe4d\" data-element_type=\"column\">\n\t\t\t<div class=\"elementor-widget-wrap elementor-element-populated\">\n\t\t\t\t\t\t<div class=\"elementor-element elementor-element-2fe2b10 sc_fly_static elementor-widget elementor-widget-spacer\" data-id=\"2fe2b10\" data-element_type=\"widget\" data-widget_type=\"spacer.default\">\n\t\t\t\t<div class=\"elementor-widget-container\">\n\t\t\t\t\t<div class=\"elementor-spacer\">\n\t\t\t<div class=\"elementor-spacer-inner\"><\/div>\n\t\t<\/div>\n\t\t\t\t<\/div>\n\t\t\t\t<\/div>\n\t\t\t\t<div class=\"elementor-element elementor-element-9cc61bf sc_fly_static elementor-widget elementor-widget-trx_sc_team\" data-id=\"9cc61bf\" data-element_type=\"widget\" data-widget_type=\"trx_sc_team.default\">\n\t\t\t\t<div class=\"elementor-widget-container\">\n\t\t\t<div  id=\"trx_sc_team_1927653196\"\t\tclass=\"sc_team sc_team_default\"><div class=\"sc_team_content sc_item_content sc_item_posts_container\"><div data-post-id=\"509\" class=\"sc_team_item no_links post-509 cpt_team type-cpt_team status-publish has-post-thumbnail hentry\">\r\n\t<div class=\"post_featured with_thumb hover_icon sc_team_item_thumb\"><img fetchpriority=\"high\" decoding=\"async\" width=\"1000\" height=\"1036\" src=\"https:\/\/musicremembranceradio.org\/wp-content\/uploads\/2019\/02\/ThomasTacquet_light-1000x1036.png\" class=\"attachment-rareradio-thumb-team size-rareradio-thumb-team wp-post-image\" alt=\"\" \/>\t\t\t\t\t\t<div class=\"mask\"><\/div>\r\n\t\t\t\t\t\t\t\t\t<div class=\"icons\"><a href=\"https:\/\/musicremembranceradio.org\/fr\/team\/thomas-tacquet\/\"  aria-hidden=\"true\" class=\"icon-add-plus-button\"><\/a><\/div>\r\n\t\t\t<\/div>\t<div class=\"sc_team_item_info\">\r\n\t\t<div class=\"sc_team_item_header\">\r\n\t\t\t<h2 class=\"sc_team_item_title entry-title\"><a href=\"https:\/\/musicremembranceradio.org\/fr\/team\/thomas-tacquet\/\">Thomas Tacquet<\/a><\/h2>\r\n\t\t<\/div>\r\n\t\t<div class=\"sc_team_item_content\"><p>Current artistic director of this project and web designer, Thomas Tacquet is firstly pianist and choirmaster and holds masters in  accompaniment and vocal coaching (CNSMD of Paris), degrees in piano, accompaniment (CNSMD of Paris), musicology and philosophy (Paris IV-Sorbonne University) as well as DEM (&#8220;first prizes&#8221;) in choir direction, harpsichord and musical training (CRR of Paris). For several years, he has been working intensively as a vocal coach for various French opera houses (Montpellier, Rouen, Reims, Lille, Massy, \u200b\u200bTh\u00e9\u00e2tre des Champs Elys\u00e9es for the 2023-2024 season) and for numerous specialist instrumental and vocal French ensembles (Les M\u00e9taboles, Le Concert de la Loge, ERDA \u2013 Accentus, La Temp\u00eate, Le Concert Spirituel, Zene, Le Palais Royal, etc.), alongside his work as artistic director for the Forum Voix Etouff\u00e9es, Op\u00e9ra Junior and Fiat Cantus and various music seasons in France (Les Amis de la Musique en Vend\u00f4mois, Missing Voices Paris, Missing Voices Strasbourg&#8230;).<\/p>\n<\/div><div class=\"sc_team_item_socials socials_wrap\"><a target=\"_blank\" href=\"https:\/\/www.facebook.com\/thomas.tacquetfabre\/\" class=\"social_item social_item_style_icons sc_icon_type_icons social_item_type_icons\"><span class=\"social_icon social_icon_facebook\"><span class=\"icon-facebook\"><\/span><\/span><\/a><a target=\"_blank\" href=\"https:\/\/www.instagram.com\/tacquetfabre\/\" class=\"social_item social_item_style_icons sc_icon_type_icons social_item_type_icons\"><span class=\"social_icon social_icon_instagramm\"><span class=\"icon-instagramm\"><\/span><\/span><\/a><a target=\"_blank\" href=\"https:\/\/www.youtube.com\/channel\/UCUyj6RSyn9zSYmvOPDm2tTQ\" class=\"social_item social_item_style_icons sc_icon_type_icons social_item_type_icons\"><span class=\"social_icon social_icon_rr-youtube\"><span class=\"icon-rr-youtube\"><\/span><\/span><\/a><\/div><div class=\"sc_team_item_button\"><a href=\"https:\/\/musicremembranceradio.org\/fr\/team\/thomas-tacquet\/\" class=\"sc_button sc_button_simple\">Read more<\/a><\/div><\/div>\r\n<\/div><\/div><\/div><!-- \/.sc_team -->\t\t<\/div>\n\t\t\t\t<\/div>\n\t\t\t\t<div class=\"elementor-element elementor-element-3e1bafd sc_fly_static elementor-widget elementor-widget-spacer\" data-id=\"3e1bafd\" data-element_type=\"widget\" data-widget_type=\"spacer.default\">\n\t\t\t\t<div class=\"elementor-widget-container\">\n\t\t\t\t\t<div class=\"elementor-spacer\">\n\t\t\t<div class=\"elementor-spacer-inner\"><\/div>\n\t\t<\/div>\n\t\t\t\t<\/div>\n\t\t\t\t<\/div>\n\t\t\t\t<div class=\"elementor-element elementor-element-31bcecf sc_fly_static elementor-widget elementor-widget-spacer\" data-id=\"31bcecf\" data-element_type=\"widget\" data-widget_type=\"spacer.default\">\n\t\t\t\t<div class=\"elementor-widget-container\">\n\t\t\t\t\t<div class=\"elementor-spacer\">\n\t\t\t<div class=\"elementor-spacer-inner\"><\/div>\n\t\t<\/div>\n\t\t\t\t<\/div>\n\t\t\t\t<\/div>\n\t\t\t\t\t<\/div>\n\t\t<\/div>\n\t\t\t\t\t<\/div>\n\t\t<\/section>\n\t\t\t\t<\/div>","protected":false},"excerpt":{"rendered":"<p>The Team HomeThe Team Amaury Du Closel Viennese by adoption, Amaury du Closel studied composition with Max Deutsch, conducting at the Royal Conservatory of Mons with Alexandre Myrat, and attended masterclasses in Vienna with Karl Oesterreicher and Sir Charles Mackerras. Conductor, composer, writer,&hellip;<\/p>","protected":false},"author":990003,"featured_media":0,"parent":0,"menu_order":0,"comment_status":"closed","ping_status":"closed","template":"","meta":{"footnotes":""},"class_list":["post-87","page","type-page","status-publish","hentry"],"_links":{"self":[{"href":"https:\/\/musicremembranceradio.org\/fr\/wp-json\/wp\/v2\/pages\/87","targetHints":{"allow":["GET"]}}],"collection":[{"href":"https:\/\/musicremembranceradio.org\/fr\/wp-json\/wp\/v2\/pages"}],"about":[{"href":"https:\/\/musicremembranceradio.org\/fr\/wp-json\/wp\/v2\/types\/page"}],"author":[{"embeddable":true,"href":"https:\/\/musicremembranceradio.org\/fr\/wp-json\/wp\/v2\/users\/990003"}],"replies":[{"embeddable":true,"href":"https:\/\/musicremembranceradio.org\/fr\/wp-json\/wp\/v2\/comments?post=87"}],"version-history":[{"count":14,"href":"https:\/\/musicremembranceradio.org\/fr\/wp-json\/wp\/v2\/pages\/87\/revisions"}],"predecessor-version":[{"id":5009,"href":"https:\/\/musicremembranceradio.org\/fr\/wp-json\/wp\/v2\/pages\/87\/revisions\/5009"}],"wp:attachment":[{"href":"https:\/\/musicremembranceradio.org\/fr\/wp-json\/wp\/v2\/media?parent=87"}],"curies":[{"name":"wp","href":"https:\/\/api.w.org\/{rel}","templated":true}]}}