{"id":77,"date":"2019-02-20T14:29:34","date_gmt":"2019-02-20T14:29:34","guid":{"rendered":"https:\/\/musicre.cluster027.hosting.ovh.net\/?page_id=77"},"modified":"2025-12-26T10:24:57","modified_gmt":"2025-12-26T09:24:57","slug":"about-us","status":"publish","type":"page","link":"https:\/\/musicremembranceradio.org\/fr\/about-us\/","title":{"rendered":"About Us"},"content":{"rendered":"<div data-elementor-type=\"wp-post\" data-elementor-id=\"77\" class=\"elementor elementor-77\">\n\t\t\t\t\t\t<section class=\"elementor-section elementor-top-section elementor-element elementor-element-20899cb2 scheme_dark elementor-section-stretched elementor-section-boxed elementor-section-height-default elementor-section-height-default\" data-id=\"20899cb2\" data-element_type=\"section\" data-settings=\"{&quot;background_background&quot;:&quot;classic&quot;,&quot;stretch_section&quot;:&quot;section-stretched&quot;}\">\n\t\t\t\t\t\t\t<div class=\"elementor-background-overlay\"><\/div>\n\t\t\t\t\t\t\t<div class=\"elementor-container elementor-column-gap-extended\">\n\t\t\t\t\t<div class=\"elementor-column elementor-col-100 elementor-top-column elementor-element elementor-element-3e829f7f sc_inner_width_none sc_content_align_inherit sc_layouts_column_icons_position_left\" data-id=\"3e829f7f\" data-element_type=\"column\">\n\t\t\t<div class=\"elementor-widget-wrap elementor-element-populated\">\n\t\t\t\t\t\t<div class=\"elementor-element elementor-element-1d5f0d4 sc_fly_static elementor-widget elementor-widget-spacer\" data-id=\"1d5f0d4\" data-element_type=\"widget\" data-widget_type=\"spacer.default\">\n\t\t\t\t<div class=\"elementor-widget-container\">\n\t\t\t\t\t<div class=\"elementor-spacer\">\n\t\t\t<div class=\"elementor-spacer-inner\"><\/div>\n\t\t<\/div>\n\t\t\t\t<\/div>\n\t\t\t\t<\/div>\n\t\t\t\t<div class=\"elementor-element elementor-element-5ac9d926 sc_fly_static elementor-widget elementor-widget-spacer\" data-id=\"5ac9d926\" data-element_type=\"widget\" data-widget_type=\"spacer.default\">\n\t\t\t\t<div class=\"elementor-widget-container\">\n\t\t\t\t\t<div class=\"elementor-spacer\">\n\t\t\t<div class=\"elementor-spacer-inner\"><\/div>\n\t\t<\/div>\n\t\t\t\t<\/div>\n\t\t\t\t<\/div>\n\t\t\t\t<div class=\"elementor-element elementor-element-3c0a5855 sc_fly_static elementor-widget elementor-widget-spacer\" data-id=\"3c0a5855\" data-element_type=\"widget\" data-widget_type=\"spacer.default\">\n\t\t\t\t<div class=\"elementor-widget-container\">\n\t\t\t\t\t<div class=\"elementor-spacer\">\n\t\t\t<div class=\"elementor-spacer-inner\"><\/div>\n\t\t<\/div>\n\t\t\t\t<\/div>\n\t\t\t\t<\/div>\n\t\t\t\t\t<\/div>\n\t\t<\/div>\n\t\t\t\t\t<\/div>\n\t\t<\/section>\n\t\t\t\t<section class=\"elementor-section elementor-top-section elementor-element elementor-element-8d9fe82 elementor-section-boxed elementor-section-height-default elementor-section-height-default\" data-id=\"8d9fe82\" data-element_type=\"section\">\n\t\t\t\t\t\t<div class=\"elementor-container elementor-column-gap-extended\">\n\t\t\t\t\t<div class=\"elementor-column elementor-col-100 elementor-top-column elementor-element elementor-element-d4de234 sc_inner_width_none sc_content_align_inherit sc_layouts_column_icons_position_left\" data-id=\"d4de234\" data-element_type=\"column\">\n\t\t\t<div class=\"elementor-widget-wrap elementor-element-populated\">\n\t\t\t\t\t\t<div class=\"elementor-element elementor-element-1ca2388 sc_fly_static elementor-widget elementor-widget-spacer\" data-id=\"1ca2388\" data-element_type=\"widget\" data-widget_type=\"spacer.default\">\n\t\t\t\t<div class=\"elementor-widget-container\">\n\t\t\t\t\t<div class=\"elementor-spacer\">\n\t\t\t<div class=\"elementor-spacer-inner\"><\/div>\n\t\t<\/div>\n\t\t\t\t<\/div>\n\t\t\t\t<\/div>\n\t\t\t\t\t<\/div>\n\t\t<\/div>\n\t\t\t\t\t<\/div>\n\t\t<\/section>\n\t\t\t\t<section class=\"elementor-section elementor-top-section elementor-element elementor-element-7aa2b76 elementor-section-content-middle elementor-section-boxed elementor-section-height-default elementor-section-height-default\" data-id=\"7aa2b76\" data-element_type=\"section\">\n\t\t\t\t\t\t<div class=\"elementor-container elementor-column-gap-extended\">\n\t\t\t\t\t<div class=\"elementor-column elementor-col-50 elementor-top-column elementor-element elementor-element-615b5e7 sc_layouts_hide_on_mobile sc_inner_width_none sc_content_align_inherit sc_layouts_column_icons_position_left\" data-id=\"615b5e7\" data-element_type=\"column\">\n\t\t\t<div class=\"elementor-widget-wrap elementor-element-populated\">\n\t\t\t\t\t\t<div class=\"elementor-element elementor-element-c60a77b sc_fly_static elementor-widget elementor-widget-image\" data-id=\"c60a77b\" data-element_type=\"widget\" data-widget_type=\"image.default\">\n\t\t\t\t<div class=\"elementor-widget-container\">\n\t\t\t\t\t\t\t\t\t\t\t\t\t<img fetchpriority=\"high\" decoding=\"async\" width=\"1000\" height=\"1390\" src=\"https:\/\/musicremembranceradio.org\/wp-content\/uploads\/2023\/09\/photo_apropos_MRR_light.png\" class=\"attachment-full size-full wp-image-4328\" alt=\"\" srcset=\"https:\/\/musicremembranceradio.org\/wp-content\/uploads\/2023\/09\/photo_apropos_MRR_light.png 1000w, https:\/\/musicremembranceradio.org\/wp-content\/uploads\/2023\/09\/photo_apropos_MRR_light-216x300.png 216w, https:\/\/musicremembranceradio.org\/wp-content\/uploads\/2023\/09\/photo_apropos_MRR_light-737x1024.png 737w, https:\/\/musicremembranceradio.org\/wp-content\/uploads\/2023\/09\/photo_apropos_MRR_light-768x1068.png 768w, https:\/\/musicremembranceradio.org\/wp-content\/uploads\/2023\/09\/photo_apropos_MRR_light-370x514.png 370w, https:\/\/musicremembranceradio.org\/wp-content\/uploads\/2023\/09\/photo_apropos_MRR_light-760x1056.png 760w, https:\/\/musicremembranceradio.org\/wp-content\/uploads\/2023\/09\/photo_apropos_MRR_light-600x834.png 600w\" sizes=\"(max-width: 1000px) 100vw, 1000px\" \/>\t\t\t\t\t\t\t\t\t\t\t\t\t<\/div>\n\t\t\t\t<\/div>\n\t\t\t\t\t<\/div>\n\t\t<\/div>\n\t\t\t\t<div class=\"elementor-column elementor-col-50 elementor-top-column elementor-element elementor-element-06e1754 sc_inner_width_none sc_content_align_inherit sc_layouts_column_icons_position_left\" data-id=\"06e1754\" data-element_type=\"column\">\n\t\t\t<div class=\"elementor-widget-wrap elementor-element-populated\">\n\t\t\t\t\t\t<div class=\"elementor-element elementor-element-6e29b35 sc_fly_static elementor-widget elementor-widget-trx_sc_title\" data-id=\"6e29b35\" data-element_type=\"widget\" data-widget_type=\"trx_sc_title.default\">\n\t\t\t\t<div class=\"elementor-widget-container\">\n\t\t\t<div id=\"trx_sc_title_830657253\"\r\n\t\tclass=\"sc_title sc_title_default\"><span class=\"sc_item_subtitle sc_title_subtitle sc_item_subtitle_above sc_item_title_style_default\">A propos<\/span><h2 class=\"sc_item_title sc_title_title sc_item_title_style_default\"><span class=\"sc_item_title_text\">Qui ? Pourquoi ?<\/span><\/h2><div class=\"sc_item_descr sc_title_descr\"><p>Lanc\u00e9e en 2023 dans le cadre des projets multim\u00e9dia du <a href=\"https:\/\/www.voixetouffees.net\">Forum Voix Etouff\u00e9es<\/a> - CEMUT (Centre Europ\u00e9en d'\u00e9tude des Musiques des univers totalitaires), Music Remembrance Radio est la premi\u00e8re webradio europ\u00e9enne d\u00e9di\u00e9e aux oeuvres et \u00e0 la m\u00e9moire des voix \u00e9touff\u00e9es - musiciens et compositeurs qui furent pers\u00e9cut\u00e9s, conduits \u00e0 l'exil ou \u00e0 la mort aux XXe et XXIe si\u00e8cles en raison des totalitarismes et fascismes europ\u00e9ens. <\/p>\n<p>Enregistrements historiques et r\u00e9cents, podcasts de musicologues, historiens, personnes engag\u00e9es, derni\u00e8res actualit\u00e9s dans les champs de la recherche... MRR est le lieu o\u00f9 entendre ceux que l'on a r\u00e9duit au silence. <\/p>\n<\/div><\/div><!-- \/.sc_title -->\t\t<\/div>\n\t\t\t\t<\/div>\n\t\t\t\t<div class=\"elementor-element elementor-element-6a6bf05 sc_fly_static elementor-widget elementor-widget-text-editor\" data-id=\"6a6bf05\" data-element_type=\"widget\" data-widget_type=\"text-editor.default\">\n\t\t\t\t<div class=\"elementor-widget-container\">\n\t\t\t\t\t\t\t<ul>\n \t<li>Des centaines d'audios soigneusement s\u00e9lectionn\u00e9s pour leurs qualit\u00e9s musicales et leur pertinence historique ;<\/li>\n \t<li>De nouveaux podcasts chaque mois avec les meilleurs chercheurs europ\u00e9ens, diffus\u00e9s chaque jour \u00e0 10h et 22h sur la radio, et disponibles hors de ces cr\u00e9neaux 24H\/24 sur notre site ;<\/li>\n \t<li>Une boutique virtuelle regroupant enregistrements et documentations rares au sujet des voix \u00e9touff\u00e9es ;<\/li>\n \t<li>Une grille musicale compos\u00e9e de plusieurs temps forts, afin de d\u00e9couvrir l'\u00e9tendue et la singularit\u00e9 de ces musiques...<\/li>\n<\/ul>\n<p>En 2025, MRR est devenue la plus importante webradio europ\u00e9enne sur ces sujets en nombre d'auditeurs, avec plus de 1200 auditeurs par mois provenant de 34 pays diff\u00e9rents.<\/p>\t\t\t\t\t\t<\/div>\n\t\t\t\t<\/div>\n\t\t\t\t\t<\/div>\n\t\t<\/div>\n\t\t\t\t\t<\/div>\n\t\t<\/section>\n\t\t\t\t<section class=\"elementor-section elementor-top-section elementor-element elementor-element-e6c4a26 elementor-section-boxed elementor-section-height-default elementor-section-height-default\" data-id=\"e6c4a26\" data-element_type=\"section\">\n\t\t\t\t\t\t<div class=\"elementor-container elementor-column-gap-extended\">\n\t\t\t\t\t<div class=\"elementor-column elementor-col-100 elementor-top-column elementor-element elementor-element-137f176 sc_inner_width_none sc_content_align_inherit sc_layouts_column_icons_position_left\" data-id=\"137f176\" data-element_type=\"column\">\n\t\t\t<div class=\"elementor-widget-wrap elementor-element-populated\">\n\t\t\t\t\t\t<div class=\"elementor-element elementor-element-eed4523 sc_fly_static elementor-widget elementor-widget-spacer\" data-id=\"eed4523\" data-element_type=\"widget\" data-widget_type=\"spacer.default\">\n\t\t\t\t<div class=\"elementor-widget-container\">\n\t\t\t\t\t<div class=\"elementor-spacer\">\n\t\t\t<div class=\"elementor-spacer-inner\"><\/div>\n\t\t<\/div>\n\t\t\t\t<\/div>\n\t\t\t\t<\/div>\n\t\t\t\t\t<\/div>\n\t\t<\/div>\n\t\t\t\t\t<\/div>\n\t\t<\/section>\n\t\t\t\t<section class=\"elementor-section elementor-top-section elementor-element elementor-element-884f4f1 elementor-section-stretched elementor-section-boxed elementor-section-height-default elementor-section-height-default\" data-id=\"884f4f1\" data-element_type=\"section\" data-settings=\"{&quot;stretch_section&quot;:&quot;section-stretched&quot;,&quot;background_background&quot;:&quot;classic&quot;}\">\n\t\t\t\t\t\t<div class=\"elementor-container elementor-column-gap-default\">\n\t\t\t\t\t<div class=\"elementor-column elementor-col-100 elementor-top-column elementor-element elementor-element-309b93a sc_inner_width_none sc_content_align_inherit sc_layouts_column_icons_position_left\" data-id=\"309b93a\" data-element_type=\"column\">\n\t\t\t<div class=\"elementor-widget-wrap elementor-element-populated\">\n\t\t\t\t\t\t<div class=\"elementor-element elementor-element-4a10648 sc_fly_static elementor-widget elementor-widget-spacer\" data-id=\"4a10648\" data-element_type=\"widget\" data-widget_type=\"spacer.default\">\n\t\t\t\t<div class=\"elementor-widget-container\">\n\t\t\t\t\t<div class=\"elementor-spacer\">\n\t\t\t<div class=\"elementor-spacer-inner\"><\/div>\n\t\t<\/div>\n\t\t\t\t<\/div>\n\t\t\t\t<\/div>\n\t\t\t\t<div class=\"elementor-element elementor-element-7393fe4 scheme_dark sc_fly_static elementor-widget elementor-widget-trx_sc_skills\" data-id=\"7393fe4\" data-element_type=\"widget\" data-widget_type=\"trx_sc_skills.default\">\n\t\t\t\t<div class=\"elementor-widget-container\">\n\t\t\t<div id=\"trx_sc_skills_2125919051\"\r\n\t\tclass=\"sc_skills sc_skills_counter\"\r\n\t\t\t\tdata-type=\"counter\"\r\n\t\t><div class=\"sc_skills_columns sc_item_columns trx_addons_columns_wrap columns_padding_bottom columns_in_single_row\"><div class=\"sc_skills_column trx_addons_column-1_3\"><div class=\"sc_skills_item_wrap\"><div class=\"sc_skills_item\"><div class=\"sc_skills_total\" data-start=\"0\" data-stop=\"900\" data-step=\"9\" data-max=\"900\" data-speed=\"16\" data-duration=\"1600\" data-ed=\" +\" style=\"color: #ffffff\">0 +<\/div><\/div><div class=\"sc_skills_item_title\">Audios<\/div><\/div><\/div><div class=\"sc_skills_column trx_addons_column-1_3\"><div class=\"sc_skills_item_wrap\"><div class=\"sc_skills_item\"><div class=\"sc_skills_total\" data-start=\"0\" data-stop=\"30\" data-step=\"9\" data-max=\"900\" data-speed=\"38\" data-duration=\"127\" data-ed=\" +\" style=\"color: #ffffff\">0 +<\/div><\/div><div class=\"sc_skills_item_title\">Podcasts pour 25\/26<\/div><\/div><\/div><div class=\"sc_skills_column trx_addons_column-1_3\"><div class=\"sc_skills_item_wrap\"><div class=\"sc_skills_item\"><div class=\"sc_skills_total\" data-start=\"0\" data-stop=\"40\" data-step=\"9\" data-max=\"900\" data-speed=\"24\" data-duration=\"107\" data-ed=\" +\" style=\"color: #ffffff\">0 +<\/div><\/div><div class=\"sc_skills_item_title\">El\u00e9ments dans la boutique<\/div><\/div><\/div><\/div><\/div>\t\t<\/div>\n\t\t\t\t<\/div>\n\t\t\t\t<div class=\"elementor-element elementor-element-bfe8e43 sc_fly_static elementor-widget elementor-widget-spacer\" data-id=\"bfe8e43\" data-element_type=\"widget\" data-widget_type=\"spacer.default\">\n\t\t\t\t<div class=\"elementor-widget-container\">\n\t\t\t\t\t<div class=\"elementor-spacer\">\n\t\t\t<div class=\"elementor-spacer-inner\"><\/div>\n\t\t<\/div>\n\t\t\t\t<\/div>\n\t\t\t\t<\/div>\n\t\t\t\t\t<\/div>\n\t\t<\/div>\n\t\t\t\t\t<\/div>\n\t\t<\/section>\n\t\t\t\t<\/div>","protected":false},"excerpt":{"rendered":"<p>About us Who We Are Launched in 2023 as part of the multimedia projects of Forum Voix Etouff\u00e9es &#8211; CEMUT (European Center for the Study of Music and Totalitarism), Music Remembrance Radio is the first European web radio dedicated to the works and&hellip;<\/p>","protected":false},"author":990003,"featured_media":0,"parent":0,"menu_order":0,"comment_status":"closed","ping_status":"closed","template":"","meta":{"footnotes":""},"class_list":["post-77","page","type-page","status-publish","hentry"],"_links":{"self":[{"href":"https:\/\/musicremembranceradio.org\/fr\/wp-json\/wp\/v2\/pages\/77","targetHints":{"allow":["GET"]}}],"collection":[{"href":"https:\/\/musicremembranceradio.org\/fr\/wp-json\/wp\/v2\/pages"}],"about":[{"href":"https:\/\/musicremembranceradio.org\/fr\/wp-json\/wp\/v2\/types\/page"}],"author":[{"embeddable":true,"href":"https:\/\/musicremembranceradio.org\/fr\/wp-json\/wp\/v2\/users\/990003"}],"replies":[{"embeddable":true,"href":"https:\/\/musicremembranceradio.org\/fr\/wp-json\/wp\/v2\/comments?post=77"}],"version-history":[{"count":51,"href":"https:\/\/musicremembranceradio.org\/fr\/wp-json\/wp\/v2\/pages\/77\/revisions"}],"predecessor-version":[{"id":5079,"href":"https:\/\/musicremembranceradio.org\/fr\/wp-json\/wp\/v2\/pages\/77\/revisions\/5079"}],"wp:attachment":[{"href":"https:\/\/musicremembranceradio.org\/fr\/wp-json\/wp\/v2\/media?parent=77"}],"curies":[{"name":"wp","href":"https:\/\/api.w.org\/{rel}","templated":true}]}}