{"id":4945,"date":"2024-08-24T20:00:35","date_gmt":"2024-08-24T18:00:35","guid":{"rendered":"https:\/\/musicremembranceradio.org\/?page_id=4945"},"modified":"2025-12-26T10:55:22","modified_gmt":"2025-12-26T09:55:22","slug":"how-to-listen","status":"publish","type":"page","link":"https:\/\/musicremembranceradio.org\/fr\/how-to-listen\/","title":{"rendered":"Comment \u00e9couter ?"},"content":{"rendered":"<div data-elementor-type=\"wp-page\" data-elementor-id=\"4945\" class=\"elementor elementor-4945\">\n\t\t\t\t\t\t<section class=\"elementor-section elementor-top-section elementor-element elementor-element-fd969e8 scheme_dark elementor-section-stretched elementor-section-boxed elementor-section-height-default elementor-section-height-default\" data-id=\"fd969e8\" data-element_type=\"section\" data-settings=\"{&quot;background_background&quot;:&quot;classic&quot;,&quot;stretch_section&quot;:&quot;section-stretched&quot;}\">\n\t\t\t\t\t\t\t<div class=\"elementor-background-overlay\"><\/div>\n\t\t\t\t\t\t\t<div class=\"elementor-container elementor-column-gap-extended\">\n\t\t\t\t\t<div class=\"elementor-column elementor-col-100 elementor-top-column elementor-element elementor-element-37f9dc1 sc_inner_width_none sc_content_align_inherit sc_layouts_column_icons_position_left\" data-id=\"37f9dc1\" data-element_type=\"column\" data-settings=\"{&quot;background_background&quot;:&quot;classic&quot;}\">\n\t\t\t<div class=\"elementor-widget-wrap elementor-element-populated\">\n\t\t\t\t\t\t<div class=\"elementor-element elementor-element-ff4ae85 sc_fly_static elementor-widget elementor-widget-spacer\" data-id=\"ff4ae85\" data-element_type=\"widget\" data-widget_type=\"spacer.default\">\n\t\t\t\t<div class=\"elementor-widget-container\">\n\t\t\t\t\t<div class=\"elementor-spacer\">\n\t\t\t<div class=\"elementor-spacer-inner\"><\/div>\n\t\t<\/div>\n\t\t\t\t<\/div>\n\t\t\t\t<\/div>\n\t\t\t\t<div class=\"elementor-element elementor-element-d80f259 sc_fly_static elementor-widget elementor-widget-trx_sc_layouts_title\" data-id=\"d80f259\" data-element_type=\"widget\" data-widget_type=\"trx_sc_layouts_title.default\">\n\t\t\t\t<div class=\"elementor-widget-container\">\n\t\t\t<div id=\"trx_sc_layouts_title_1609746151\" class=\"sc_layouts_title sc_align_left with_content without_image without_tint\"><div class=\"sc_layouts_title_content\"><div class=\"sc_layouts_title_title\">\t\t\t\t\t\t\t<h1 class=\"sc_layouts_title_caption\">Comment \u00e9couter ?<\/h1>\r\n\t\t\t\t\t\t\t<\/div><div class=\"sc_layouts_title_breadcrumbs\"><div class=\"breadcrumbs\"><a class=\"breadcrumbs_item home\" href=\"https:\/\/musicremembranceradio.org\/fr\/\">Accueil<\/a><span class=\"breadcrumbs_delimiter\"><\/span><span class=\"breadcrumbs_item current\">Comment \u00e9couter ?<\/span><\/div><\/div><\/div><!-- .sc_layouts_title_content --><\/div><!-- \/.sc_layouts_title -->\t\t<\/div>\n\t\t\t\t<\/div>\n\t\t\t\t<div class=\"elementor-element elementor-element-e602167 sc_fly_static elementor-widget elementor-widget-spacer\" data-id=\"e602167\" data-element_type=\"widget\" data-widget_type=\"spacer.default\">\n\t\t\t\t<div class=\"elementor-widget-container\">\n\t\t\t\t\t<div class=\"elementor-spacer\">\n\t\t\t<div class=\"elementor-spacer-inner\"><\/div>\n\t\t<\/div>\n\t\t\t\t<\/div>\n\t\t\t\t<\/div>\n\t\t\t\t\t<\/div>\n\t\t<\/div>\n\t\t\t\t\t<\/div>\n\t\t<\/section>\n\t\t\t\t<section class=\"elementor-section elementor-top-section elementor-element elementor-element-f84ccc8 elementor-section-boxed elementor-section-height-default elementor-section-height-default\" data-id=\"f84ccc8\" data-element_type=\"section\">\n\t\t\t\t\t\t<div class=\"elementor-container elementor-column-gap-extended\">\n\t\t\t\t\t<div class=\"elementor-column elementor-col-100 elementor-top-column elementor-element elementor-element-995a55e sc_inner_width_none sc_content_align_inherit sc_layouts_column_icons_position_left\" data-id=\"995a55e\" data-element_type=\"column\">\n\t\t\t<div class=\"elementor-widget-wrap elementor-element-populated\">\n\t\t\t\t\t\t<div class=\"elementor-element elementor-element-6918d90 sc_fly_static elementor-widget elementor-widget-spacer\" data-id=\"6918d90\" data-element_type=\"widget\" data-widget_type=\"spacer.default\">\n\t\t\t\t<div class=\"elementor-widget-container\">\n\t\t\t\t\t<div class=\"elementor-spacer\">\n\t\t\t<div class=\"elementor-spacer-inner\"><\/div>\n\t\t<\/div>\n\t\t\t\t<\/div>\n\t\t\t\t<\/div>\n\t\t\t\t\t<\/div>\n\t\t<\/div>\n\t\t\t\t\t<\/div>\n\t\t<\/section>\n\t\t\t\t<section class=\"elementor-section elementor-top-section elementor-element elementor-element-122b40c elementor-section-boxed elementor-section-height-default elementor-section-height-default\" data-id=\"122b40c\" data-element_type=\"section\">\n\t\t\t\t\t\t<div class=\"elementor-container elementor-column-gap-extended\">\n\t\t\t\t\t<div class=\"elementor-column elementor-col-100 elementor-top-column elementor-element elementor-element-763f24f sc_inner_width_none sc_content_align_inherit sc_layouts_column_icons_position_left\" data-id=\"763f24f\" data-element_type=\"column\">\n\t\t\t<div class=\"elementor-widget-wrap elementor-element-populated\">\n\t\t\t\t\t\t<div class=\"elementor-element elementor-element-fcadebc sc_fly_static elementor-widget elementor-widget-text-editor\" data-id=\"fcadebc\" data-element_type=\"widget\" data-widget_type=\"text-editor.default\">\n\t\t\t\t<div class=\"elementor-widget-container\">\n\t\t\t\t\t\t\t<h4>Mille et une m\u00e9thodes pour nous \u00e9couter chaque jour<\/h4>\t\t\t\t\t\t<\/div>\n\t\t\t\t<\/div>\n\t\t\t\t\t<\/div>\n\t\t<\/div>\n\t\t\t\t\t<\/div>\n\t\t<\/section>\n\t\t\t\t<section class=\"elementor-section elementor-top-section elementor-element elementor-element-53cb21f elementor-section-boxed elementor-section-height-default elementor-section-height-default\" data-id=\"53cb21f\" data-element_type=\"section\">\n\t\t\t\t\t\t<div class=\"elementor-container elementor-column-gap-extended\">\n\t\t\t\t\t<div class=\"elementor-column elementor-col-100 elementor-top-column elementor-element elementor-element-c9e5132 sc_inner_width_none sc_content_align_inherit sc_layouts_column_icons_position_left\" data-id=\"c9e5132\" data-element_type=\"column\">\n\t\t\t<div class=\"elementor-widget-wrap elementor-element-populated\">\n\t\t\t\t\t\t<div class=\"elementor-element elementor-element-6e965b3 elementor-widget-divider--view-line sc_fly_static elementor-widget elementor-widget-divider\" data-id=\"6e965b3\" data-element_type=\"widget\" data-widget_type=\"divider.default\">\n\t\t\t\t<div class=\"elementor-widget-container\">\n\t\t\t\t\t<div class=\"elementor-divider\">\n\t\t\t<span class=\"elementor-divider-separator\">\n\t\t\t\t\t\t<\/span>\n\t\t<\/div>\n\t\t\t\t<\/div>\n\t\t\t\t<\/div>\n\t\t\t\t\t<\/div>\n\t\t<\/div>\n\t\t\t\t\t<\/div>\n\t\t<\/section>\n\t\t\t\t<section class=\"elementor-section elementor-top-section elementor-element elementor-element-182fdb1 elementor-section-boxed elementor-section-height-default elementor-section-height-default\" data-id=\"182fdb1\" data-element_type=\"section\">\n\t\t\t\t\t\t<div class=\"elementor-container elementor-column-gap-extended\">\n\t\t\t\t\t<div class=\"elementor-column elementor-col-100 elementor-top-column elementor-element elementor-element-78fa9b9 sc_inner_width_none sc_content_align_inherit sc_layouts_column_icons_position_left\" data-id=\"78fa9b9\" data-element_type=\"column\">\n\t\t\t<div class=\"elementor-widget-wrap elementor-element-populated\">\n\t\t\t\t\t\t<div class=\"elementor-element elementor-element-027c174 sc_fly_static elementor-widget elementor-widget-spacer\" data-id=\"027c174\" data-element_type=\"widget\" data-widget_type=\"spacer.default\">\n\t\t\t\t<div class=\"elementor-widget-container\">\n\t\t\t\t\t<div class=\"elementor-spacer\">\n\t\t\t<div class=\"elementor-spacer-inner\"><\/div>\n\t\t<\/div>\n\t\t\t\t<\/div>\n\t\t\t\t<\/div>\n\t\t\t\t\t<\/div>\n\t\t<\/div>\n\t\t\t\t\t<\/div>\n\t\t<\/section>\n\t\t\t\t<section class=\"elementor-section elementor-top-section elementor-element elementor-element-977210c elementor-section-boxed elementor-section-height-default elementor-section-height-default\" data-id=\"977210c\" data-element_type=\"section\">\n\t\t\t\t\t\t<div class=\"elementor-container elementor-column-gap-extended\">\n\t\t\t\t\t<div class=\"elementor-column elementor-col-50 elementor-top-column elementor-element elementor-element-c0b4520 sc_inner_width_none sc_content_align_inherit sc_layouts_column_icons_position_left\" data-id=\"c0b4520\" data-element_type=\"column\">\n\t\t\t<div class=\"elementor-widget-wrap elementor-element-populated\">\n\t\t\t\t\t\t<div class=\"elementor-element elementor-element-9fed4be sc_fly_static elementor-widget elementor-widget-image\" data-id=\"9fed4be\" data-element_type=\"widget\" data-widget_type=\"image.default\">\n\t\t\t\t<div class=\"elementor-widget-container\">\n\t\t\t\t\t\t\t\t\t\t\t\t\t<img fetchpriority=\"high\" decoding=\"async\" width=\"1000\" height=\"750\" src=\"https:\/\/musicremembranceradio.org\/wp-content\/uploads\/2024\/08\/Radiokinglogo_light.png\" class=\"attachment-large size-large wp-image-4949\" alt=\"\" srcset=\"https:\/\/musicremembranceradio.org\/wp-content\/uploads\/2024\/08\/Radiokinglogo_light.png 1000w, https:\/\/musicremembranceradio.org\/wp-content\/uploads\/2024\/08\/Radiokinglogo_light-300x225.png 300w, https:\/\/musicremembranceradio.org\/wp-content\/uploads\/2024\/08\/Radiokinglogo_light-768x576.png 768w, https:\/\/musicremembranceradio.org\/wp-content\/uploads\/2024\/08\/Radiokinglogo_light-370x278.png 370w, https:\/\/musicremembranceradio.org\/wp-content\/uploads\/2024\/08\/Radiokinglogo_light-760x570.png 760w, https:\/\/musicremembranceradio.org\/wp-content\/uploads\/2024\/08\/Radiokinglogo_light-600x450.png 600w\" sizes=\"(max-width: 1000px) 100vw, 1000px\" \/>\t\t\t\t\t\t\t\t\t\t\t\t\t<\/div>\n\t\t\t\t<\/div>\n\t\t\t\t\t<\/div>\n\t\t<\/div>\n\t\t\t\t<div class=\"elementor-column elementor-col-50 elementor-top-column elementor-element elementor-element-dd26122 sc_inner_width_none sc_content_align_inherit sc_layouts_column_icons_position_left\" data-id=\"dd26122\" data-element_type=\"column\">\n\t\t\t<div class=\"elementor-widget-wrap elementor-element-populated\">\n\t\t\t\t\t\t<div class=\"elementor-element elementor-element-e098c82 sc_fly_static elementor-widget elementor-widget-heading\" data-id=\"e098c82\" data-element_type=\"widget\" data-widget_type=\"heading.default\">\n\t\t\t\t<div class=\"elementor-widget-container\">\n\t\t\t<h5 class=\"elementor-heading-title elementor-size-default\">L'API RadioKing<\/h5>\t\t<\/div>\n\t\t\t\t<\/div>\n\t\t\t\t<div class=\"elementor-element elementor-element-d4da62d sc_fly_static elementor-widget elementor-widget-spacer\" data-id=\"d4da62d\" data-element_type=\"widget\" data-widget_type=\"spacer.default\">\n\t\t\t\t<div class=\"elementor-widget-container\">\n\t\t\t\t\t<div class=\"elementor-spacer\">\n\t\t\t<div class=\"elementor-spacer-inner\"><\/div>\n\t\t<\/div>\n\t\t\t\t<\/div>\n\t\t\t\t<\/div>\n\t\t\t\t<div class=\"elementor-element elementor-element-e3038c6 sc_fly_static elementor-widget elementor-widget-text-editor\" data-id=\"e3038c6\" data-element_type=\"widget\" data-widget_type=\"text-editor.default\">\n\t\t\t\t<div class=\"elementor-widget-container\">\n\t\t\t\t\t\t\t<p><span class=\"trx_addons_dropcap trx_addons_dropcap_style_1\">G<\/span>r\u00e2ce \u00e0 l'interface de notre provider radio, vous pouvez \u00e9couter Music Remembrance Radio, mais aussi d\u00e9couvrir toutes les pi\u00e8ces diffus\u00e9es, notre lien d'\u00e9coute m3u, voire obtenir une API pour int\u00e9grer MRR \u00e0 votre propre site internet !<\/p>\n<p><\/p>\n<p><\/p><center><a href=\"https:\/\/link.radioking.com\/music-remembrance-radio\">https:\/\/link.radioking.com\/music-remembrance-radio<\/a><\/center><p><\/p>\t\t\t\t\t\t<\/div>\n\t\t\t\t<\/div>\n\t\t\t\t\t<\/div>\n\t\t<\/div>\n\t\t\t\t\t<\/div>\n\t\t<\/section>\n\t\t\t\t<section class=\"elementor-section elementor-top-section elementor-element elementor-element-35bbe8b elementor-section-boxed elementor-section-height-default elementor-section-height-default\" data-id=\"35bbe8b\" data-element_type=\"section\">\n\t\t\t\t\t\t<div class=\"elementor-container elementor-column-gap-extended\">\n\t\t\t\t\t<div class=\"elementor-column elementor-col-100 elementor-top-column elementor-element elementor-element-99cfe16 sc_inner_width_none sc_content_align_inherit sc_layouts_column_icons_position_left\" data-id=\"99cfe16\" data-element_type=\"column\">\n\t\t\t<div class=\"elementor-widget-wrap elementor-element-populated\">\n\t\t\t\t\t\t<div class=\"elementor-element elementor-element-c658ce2 sc_fly_static elementor-widget elementor-widget-spacer\" data-id=\"c658ce2\" data-element_type=\"widget\" data-widget_type=\"spacer.default\">\n\t\t\t\t<div class=\"elementor-widget-container\">\n\t\t\t\t\t<div class=\"elementor-spacer\">\n\t\t\t<div class=\"elementor-spacer-inner\"><\/div>\n\t\t<\/div>\n\t\t\t\t<\/div>\n\t\t\t\t<\/div>\n\t\t\t\t\t<\/div>\n\t\t<\/div>\n\t\t\t\t\t<\/div>\n\t\t<\/section>\n\t\t\t\t<section class=\"elementor-section elementor-top-section elementor-element elementor-element-9d9ddce elementor-section-boxed elementor-section-height-default elementor-section-height-default\" data-id=\"9d9ddce\" data-element_type=\"section\">\n\t\t\t\t\t\t<div class=\"elementor-container elementor-column-gap-extended\">\n\t\t\t\t\t<div class=\"elementor-column elementor-col-100 elementor-top-column elementor-element elementor-element-07afd40 sc_inner_width_none sc_content_align_inherit sc_layouts_column_icons_position_left\" data-id=\"07afd40\" data-element_type=\"column\">\n\t\t\t<div class=\"elementor-widget-wrap elementor-element-populated\">\n\t\t\t\t\t\t<div class=\"elementor-element elementor-element-1af4368 elementor-widget-divider--view-line sc_fly_static elementor-widget elementor-widget-divider\" data-id=\"1af4368\" data-element_type=\"widget\" data-widget_type=\"divider.default\">\n\t\t\t\t<div class=\"elementor-widget-container\">\n\t\t\t\t\t<div class=\"elementor-divider\">\n\t\t\t<span class=\"elementor-divider-separator\">\n\t\t\t\t\t\t<\/span>\n\t\t<\/div>\n\t\t\t\t<\/div>\n\t\t\t\t<\/div>\n\t\t\t\t\t<\/div>\n\t\t<\/div>\n\t\t\t\t\t<\/div>\n\t\t<\/section>\n\t\t\t\t<section class=\"elementor-section elementor-top-section elementor-element elementor-element-3ecbb74 elementor-section-boxed elementor-section-height-default elementor-section-height-default\" data-id=\"3ecbb74\" data-element_type=\"section\">\n\t\t\t\t\t\t<div class=\"elementor-container elementor-column-gap-extended\">\n\t\t\t\t\t<div class=\"elementor-column elementor-col-100 elementor-top-column elementor-element elementor-element-b54ae77 sc_inner_width_none sc_content_align_inherit sc_layouts_column_icons_position_left\" data-id=\"b54ae77\" data-element_type=\"column\">\n\t\t\t<div class=\"elementor-widget-wrap elementor-element-populated\">\n\t\t\t\t\t\t<div class=\"elementor-element elementor-element-d39e2c1 sc_fly_static elementor-widget elementor-widget-spacer\" data-id=\"d39e2c1\" data-element_type=\"widget\" data-widget_type=\"spacer.default\">\n\t\t\t\t<div class=\"elementor-widget-container\">\n\t\t\t\t\t<div class=\"elementor-spacer\">\n\t\t\t<div class=\"elementor-spacer-inner\"><\/div>\n\t\t<\/div>\n\t\t\t\t<\/div>\n\t\t\t\t<\/div>\n\t\t\t\t\t<\/div>\n\t\t<\/div>\n\t\t\t\t\t<\/div>\n\t\t<\/section>\n\t\t\t\t<section class=\"elementor-section elementor-top-section elementor-element elementor-element-33ee31d elementor-section-boxed elementor-section-height-default elementor-section-height-default\" data-id=\"33ee31d\" data-element_type=\"section\">\n\t\t\t\t\t\t<div class=\"elementor-container elementor-column-gap-extended\">\n\t\t\t\t\t<div class=\"elementor-column elementor-col-50 elementor-top-column elementor-element elementor-element-550aefd sc_inner_width_none sc_content_align_inherit sc_layouts_column_icons_position_left\" data-id=\"550aefd\" data-element_type=\"column\">\n\t\t\t<div class=\"elementor-widget-wrap elementor-element-populated\">\n\t\t\t\t\t\t<div class=\"elementor-element elementor-element-7b6298b sc_fly_static elementor-widget elementor-widget-heading\" data-id=\"7b6298b\" data-element_type=\"widget\" data-widget_type=\"heading.default\">\n\t\t\t\t<div class=\"elementor-widget-container\">\n\t\t\t<h5 class=\"elementor-heading-title elementor-size-default\">R\u00e9pertoires Webradios<\/h5>\t\t<\/div>\n\t\t\t\t<\/div>\n\t\t\t\t<div class=\"elementor-element elementor-element-f0d9339 sc_fly_static elementor-widget elementor-widget-spacer\" data-id=\"f0d9339\" data-element_type=\"widget\" data-widget_type=\"spacer.default\">\n\t\t\t\t<div class=\"elementor-widget-container\">\n\t\t\t\t\t<div class=\"elementor-spacer\">\n\t\t\t<div class=\"elementor-spacer-inner\"><\/div>\n\t\t<\/div>\n\t\t\t\t<\/div>\n\t\t\t\t<\/div>\n\t\t\t\t<div class=\"elementor-element elementor-element-218e39a sc_fly_static elementor-widget elementor-widget-text-editor\" data-id=\"218e39a\" data-element_type=\"widget\" data-widget_type=\"text-editor.default\">\n\t\t\t\t<div class=\"elementor-widget-container\">\n\t\t\t\t\t\t\t<p><span class=\"trx_addons_dropcap trx_addons_dropcap_style_1\">M<\/span>usic Remembrance Radio est r\u00e9f\u00e9renc\u00e9e sur un grand nombre de sites \u00e0 travers le monde, incluant Deezer, welove.radio, Streema... Vous trouverez ci-bas quelques liens vous conduisant vers votre plateforme d'\u00e9coute pr\u00e9f\u00e9r\u00e9e :<\/p><p><a title=\"RadioGuide\" href=\"https:\/\/www.radioguide.fm\/\">https:\/\/www.radioguide.fm<\/a><br \/><a title=\"MyTuner Radio\" href=\"https:\/\/mytuner-radio.com\/fr\/radio\/music-remembrance-radio-498308\/\">https:\/\/mytuner-radio.com<\/a><br \/><a title=\"Streema\" href=\"https:\/\/streema.com\/radios\/Music_Remembrance_Radio\">https:\/\/streema.com<\/a><br \/><a title=\"Deezer\" href=\"https:\/\/www.deezer.com\/search\/music%20remembrance%20radio\/livestream\">https:\/\/www.deezer.com<\/a><br \/><a href=\"https:\/\/www.cxradio.com.br\/radio\/music-remembrance-radio\">https:\/\/www.cxradio.com.br<\/a><br \/><a title=\"&quot;Internet-radio\" href=\"https:\/\/www.internet-radio.com\">https:\/\/www.internet-radio.com<\/a><br \/><a href=\"https:\/\/forwardmystream.com\/\">https:\/\/forwardmystream.com<\/a><br \/><a title=\"liveradio.de\" href=\"https:\/\/liveradio.de\/music-remembrance-radio\">https:\/\/liveradio.de<\/a><br \/><a href=\"https:\/\/radio.garden\">https:\/\/radio.garden<\/a><br \/><a href=\"https:\/\/zeno.fm\/radio\/music-remembrance-radio\/\">https:\/\/zeno.fm<\/a><br \/><a style=\"font-size: 17.999996185302734px;\" href=\"https:\/\/player.winamp.com\/fr\/radios\/music-remembrance-radio-f61b7f26f8\">Winamp Player&#8230;<\/a><\/p><p>Et de nouveaux sous peu !<\/p>\t\t\t\t\t\t<\/div>\n\t\t\t\t<\/div>\n\t\t\t\t\t<\/div>\n\t\t<\/div>\n\t\t\t\t<div class=\"elementor-column elementor-col-50 elementor-top-column elementor-element elementor-element-751d696 sc_inner_width_none sc_content_align_inherit sc_layouts_column_icons_position_left\" data-id=\"751d696\" data-element_type=\"column\">\n\t\t\t<div class=\"elementor-widget-wrap elementor-element-populated\">\n\t\t\t\t\t\t<div class=\"elementor-element elementor-element-fde0e74 sc_fly_static elementor-widget elementor-widget-image\" data-id=\"fde0e74\" data-element_type=\"widget\" data-widget_type=\"image.default\">\n\t\t\t\t<div class=\"elementor-widget-container\">\n\t\t\t\t\t\t\t\t\t\t\t\t\t<img decoding=\"async\" width=\"900\" height=\"700\" src=\"https:\/\/musicremembranceradio.org\/wp-content\/uploads\/2024\/08\/MRR_directorieslight.png\" class=\"attachment-large size-large wp-image-4963\" alt=\"\" srcset=\"https:\/\/musicremembranceradio.org\/wp-content\/uploads\/2024\/08\/MRR_directorieslight.png 900w, https:\/\/musicremembranceradio.org\/wp-content\/uploads\/2024\/08\/MRR_directorieslight-300x233.png 300w, https:\/\/musicremembranceradio.org\/wp-content\/uploads\/2024\/08\/MRR_directorieslight-768x597.png 768w, https:\/\/musicremembranceradio.org\/wp-content\/uploads\/2024\/08\/MRR_directorieslight-370x288.png 370w, https:\/\/musicremembranceradio.org\/wp-content\/uploads\/2024\/08\/MRR_directorieslight-760x591.png 760w, https:\/\/musicremembranceradio.org\/wp-content\/uploads\/2024\/08\/MRR_directorieslight-600x467.png 600w\" sizes=\"(max-width: 900px) 100vw, 900px\" \/>\t\t\t\t\t\t\t\t\t\t\t\t\t<\/div>\n\t\t\t\t<\/div>\n\t\t\t\t\t<\/div>\n\t\t<\/div>\n\t\t\t\t\t<\/div>\n\t\t<\/section>\n\t\t\t\t<\/div>","protected":false},"excerpt":{"rendered":"<p>How to listen ? HomeHow to listen ? Find out our different listening methods outside of this website The RadioKing API On our radio hosting provider interface, you can listen to Music Remembrance Radio, but also discover the songs currently played, and find&hellip;<\/p>","protected":false},"author":1,"featured_media":0,"parent":0,"menu_order":0,"comment_status":"closed","ping_status":"closed","template":"","meta":{"footnotes":""},"class_list":["post-4945","page","type-page","status-publish","hentry"],"_links":{"self":[{"href":"https:\/\/musicremembranceradio.org\/fr\/wp-json\/wp\/v2\/pages\/4945","targetHints":{"allow":["GET"]}}],"collection":[{"href":"https:\/\/musicremembranceradio.org\/fr\/wp-json\/wp\/v2\/pages"}],"about":[{"href":"https:\/\/musicremembranceradio.org\/fr\/wp-json\/wp\/v2\/types\/page"}],"author":[{"embeddable":true,"href":"https:\/\/musicremembranceradio.org\/fr\/wp-json\/wp\/v2\/users\/1"}],"replies":[{"embeddable":true,"href":"https:\/\/musicremembranceradio.org\/fr\/wp-json\/wp\/v2\/comments?post=4945"}],"version-history":[{"count":37,"href":"https:\/\/musicremembranceradio.org\/fr\/wp-json\/wp\/v2\/pages\/4945\/revisions"}],"predecessor-version":[{"id":5083,"href":"https:\/\/musicremembranceradio.org\/fr\/wp-json\/wp\/v2\/pages\/4945\/revisions\/5083"}],"wp:attachment":[{"href":"https:\/\/musicremembranceradio.org\/fr\/wp-json\/wp\/v2\/media?parent=4945"}],"curies":[{"name":"wp","href":"https:\/\/api.w.org\/{rel}","templated":true}]}}